{"id":154,"date":"2016-09-10T12:40:35","date_gmt":"2016-09-10T10:40:35","guid":{"rendered":"http:\/\/82.196.14.173\/?page_id=154"},"modified":"2025-08-15T21:28:33","modified_gmt":"2025-08-15T19:28:33","slug":"contact","status":"publish","type":"page","link":"https:\/\/www.macco.nl\/en\/contact\/","title":{"rendered":"Contact"},"content":{"rendered":"<h1><\/h1>\n<p>Macco VOF<br \/>\nMerovingenstraat 64<br \/>\n6132 EA Sittard<br \/>\ntel. 00 31 6 15851748<\/p>\n<p>Website Netherlands: <a href=\"https:\/\/www.macco.nl\/en\/\">www.macco.nl<\/a><br \/>\nWebsite Belgium: <a href=\"https:\/\/www.macco.be\">www.macco.be<\/a><br \/>\ne-mail: <a href=\"mailto:info@macco.nl\">info@macco.nl<\/a><\/p>\n<p>Please contact us preferably by e-mail.<\/p>\n<h1>Disclaimer<\/h1>\n<section>The content of our website and other (written) information has been compiled with great care, but no rights can be derived from it. The offered software and files are provided \u201cas is\u201d (without any guarantee of proper functioning). Use is entirely at your own risk. Although all files are carefully checked for viruses, we accept no liability for any direct or indirect damage resulting from the use of our software, files, or other information, whether delivered directly or downloaded by the user from our websites or servers.<\/section>\n<section><\/section>","protected":false},"excerpt":{"rendered":"<p>Macco\u00a0VOF Merovingenstraat 64 6132 EA Sittard tel. 00 31 6 15851748 Website Nederland: www.macco.nl Website Belgi\u00eb: www.macco.be e-mail: info@macco.nl Neemt u a.u.b. bij voorkeur per e-mail contact met ons op. Disclaimer De inhoud van onze website en overige (schriftelijke) informatie is met grote zorg samengesteld, maar hieraan kunnen geen rechten worden ontleend. De aangeboden software&hellip;&nbsp;<a href=\"https:\/\/www.macco.nl\/en\/contact\/\" rel=\"bookmark\">Read More &raquo;<span class=\"screen-reader-text\">Contact<\/span><\/a><\/p>","protected":false},"author":1,"featured_media":0,"parent":0,"menu_order":0,"comment_status":"closed","ping_status":"closed","template":"","meta":{"_exactmetrics_skip_tracking":false,"_exactmetrics_sitenote_active":false,"_exactmetrics_sitenote_note":"","_exactmetrics_sitenote_category":0,"neve_meta_sidebar":"","neve_meta_container":"","neve_meta_enable_content_width":"","neve_meta_content_width":0,"neve_meta_title_alignment":"","neve_meta_author_avatar":"","neve_post_elements_order":"","neve_meta_disable_header":"","neve_meta_disable_footer":"","neve_meta_disable_title":"","_themeisle_gutenberg_block_has_review":false,"jetpack_post_was_ever_published":false,"footnotes":""},"class_list":["post-154","page","type-page","status-publish","hentry"],"yoast_head":"<!-- This site is optimized with the Yoast SEO plugin v27.5 - https:\/\/yoast.com\/product\/yoast-seo-wordpress\/ -->\n<title>Contact - Macco VOF<\/title>\n<meta name=\"robots\" content=\"index, follow, max-snippet:-1, max-image-preview:large, max-video-preview:-1\" \/>\n<link rel=\"canonical\" href=\"https:\/\/www.macco.nl\/en\/contact\/\" \/>\n<meta property=\"og:locale\" content=\"en_US\" \/>\n<meta property=\"og:type\" content=\"article\" \/>\n<meta property=\"og:title\" content=\"Contact - Macco VOF\" \/>\n<meta property=\"og:description\" content=\"Macco\u00a0VOF Merovingenstraat 64 6132 EA Sittard tel. 00 31 6 15851748 Website Nederland: www.macco.nl Website Belgi\u00eb: www.macco.be e-mail: info@macco.nl Neemt u a.u.b. bij voorkeur per e-mail contact met ons op. Disclaimer De inhoud van onze website en overige (schriftelijke) informatie is met grote zorg samengesteld, maar hieraan kunnen geen rechten worden ontleend. De aangeboden software&hellip;&nbsp;Read More &raquo;Contact\" \/>\n<meta property=\"og:url\" content=\"https:\/\/www.macco.nl\/en\/contact\/\" \/>\n<meta property=\"og:site_name\" content=\"Macco VOF\" \/>\n<meta property=\"article:publisher\" content=\"https:\/\/www.facebook.com\/maccolingui\" \/>\n<meta property=\"article:modified_time\" content=\"2025-08-15T19:28:33+00:00\" \/>\n<meta name=\"twitter:card\" content=\"summary_large_image\" \/>\n<meta name=\"twitter:label1\" content=\"Est. reading time\" \/>\n\t<meta name=\"twitter:data1\" content=\"1 minute\" \/>\n<script type=\"application\/ld+json\" class=\"yoast-schema-graph\">{\"@context\":\"https:\\\/\\\/schema.org\",\"@graph\":[{\"@type\":\"WebPage\",\"@id\":\"https:\\\/\\\/www.macco.nl\\\/contact\\\/\",\"url\":\"https:\\\/\\\/www.macco.nl\\\/contact\\\/\",\"name\":\"Contact - Macco VOF\",\"isPartOf\":{\"@id\":\"https:\\\/\\\/www.macco.nl\\\/#website\"},\"datePublished\":\"2016-09-10T10:40:35+00:00\",\"dateModified\":\"2025-08-15T19:28:33+00:00\",\"breadcrumb\":{\"@id\":\"https:\\\/\\\/www.macco.nl\\\/contact\\\/#breadcrumb\"},\"inLanguage\":\"en-US\",\"potentialAction\":[{\"@type\":\"ReadAction\",\"target\":[\"https:\\\/\\\/www.macco.nl\\\/contact\\\/\"]}]},{\"@type\":\"BreadcrumbList\",\"@id\":\"https:\\\/\\\/www.macco.nl\\\/contact\\\/#breadcrumb\",\"itemListElement\":[{\"@type\":\"ListItem\",\"position\":1,\"name\":\"Home\",\"item\":\"https:\\\/\\\/www.macco.nl\\\/\"},{\"@type\":\"ListItem\",\"position\":2,\"name\":\"Contact\"}]},{\"@type\":\"WebSite\",\"@id\":\"https:\\\/\\\/www.macco.nl\\\/#website\",\"url\":\"https:\\\/\\\/www.macco.nl\\\/\",\"name\":\"Macco VOF\",\"description\":\"Leer talen met Macco Lingui!\",\"publisher\":{\"@id\":\"https:\\\/\\\/www.macco.nl\\\/#organization\"},\"potentialAction\":[{\"@type\":\"SearchAction\",\"target\":{\"@type\":\"EntryPoint\",\"urlTemplate\":\"https:\\\/\\\/www.macco.nl\\\/?s={search_term_string}\"},\"query-input\":{\"@type\":\"PropertyValueSpecification\",\"valueRequired\":true,\"valueName\":\"search_term_string\"}}],\"inLanguage\":\"en-US\"},{\"@type\":\"Organization\",\"@id\":\"https:\\\/\\\/www.macco.nl\\\/#organization\",\"name\":\"Macco VOF\",\"url\":\"https:\\\/\\\/www.macco.nl\\\/\",\"logo\":{\"@type\":\"ImageObject\",\"inLanguage\":\"en-US\",\"@id\":\"https:\\\/\\\/www.macco.nl\\\/#\\\/schema\\\/logo\\\/image\\\/\",\"url\":\"https:\\\/\\\/www.macco.nl\\\/wp-content\\\/uploads\\\/2016\\\/09\\\/Logo-VOF-klein.png\",\"contentUrl\":\"https:\\\/\\\/www.macco.nl\\\/wp-content\\\/uploads\\\/2016\\\/09\\\/Logo-VOF-klein.png\",\"width\":252,\"height\":252,\"caption\":\"Macco VOF\"},\"image\":{\"@id\":\"https:\\\/\\\/www.macco.nl\\\/#\\\/schema\\\/logo\\\/image\\\/\"},\"sameAs\":[\"https:\\\/\\\/www.facebook.com\\\/maccolingui\",\"https:\\\/\\\/nl.linkedin.com\\\/company\\\/macco\",\"https:\\\/\\\/www.instagram.com\\\/macco_lingui\"]}]}<\/script>\n<!-- \/ Yoast SEO plugin. -->","yoast_head_json":{"title":"Contact - Macco VOF","robots":{"index":"index","follow":"follow","max-snippet":"max-snippet:-1","max-image-preview":"max-image-preview:large","max-video-preview":"max-video-preview:-1"},"canonical":"https:\/\/www.macco.nl\/en\/contact\/","og_locale":"en_US","og_type":"article","og_title":"Contact - Macco VOF","og_description":"Macco\u00a0VOF Merovingenstraat 64 6132 EA Sittard tel. 00 31 6 15851748 Website Nederland: www.macco.nl Website Belgi\u00eb: www.macco.be e-mail: info@macco.nl Neemt u a.u.b. bij voorkeur per e-mail contact met ons op. Disclaimer De inhoud van onze website en overige (schriftelijke) informatie is met grote zorg samengesteld, maar hieraan kunnen geen rechten worden ontleend. De aangeboden software&hellip;&nbsp;Read More &raquo;Contact","og_url":"https:\/\/www.macco.nl\/en\/contact\/","og_site_name":"Macco VOF","article_publisher":"https:\/\/www.facebook.com\/maccolingui","article_modified_time":"2025-08-15T19:28:33+00:00","twitter_card":"summary_large_image","twitter_misc":{"Est. reading time":"1 minute"},"schema":{"@context":"https:\/\/schema.org","@graph":[{"@type":"WebPage","@id":"https:\/\/www.macco.nl\/contact\/","url":"https:\/\/www.macco.nl\/contact\/","name":"Contact - Macco VOF","isPartOf":{"@id":"https:\/\/www.macco.nl\/#website"},"datePublished":"2016-09-10T10:40:35+00:00","dateModified":"2025-08-15T19:28:33+00:00","breadcrumb":{"@id":"https:\/\/www.macco.nl\/contact\/#breadcrumb"},"inLanguage":"en-US","potentialAction":[{"@type":"ReadAction","target":["https:\/\/www.macco.nl\/contact\/"]}]},{"@type":"BreadcrumbList","@id":"https:\/\/www.macco.nl\/contact\/#breadcrumb","itemListElement":[{"@type":"ListItem","position":1,"name":"Home","item":"https:\/\/www.macco.nl\/"},{"@type":"ListItem","position":2,"name":"Contact"}]},{"@type":"WebSite","@id":"https:\/\/www.macco.nl\/#website","url":"https:\/\/www.macco.nl\/","name":"Macco VOF","description":"Learn languages with Macco Lingui!","publisher":{"@id":"https:\/\/www.macco.nl\/#organization"},"potentialAction":[{"@type":"SearchAction","target":{"@type":"EntryPoint","urlTemplate":"https:\/\/www.macco.nl\/?s={search_term_string}"},"query-input":{"@type":"PropertyValueSpecification","valueRequired":true,"valueName":"search_term_string"}}],"inLanguage":"en-US"},{"@type":"Organization","@id":"https:\/\/www.macco.nl\/#organization","name":"Macco VOF","url":"https:\/\/www.macco.nl\/","logo":{"@type":"ImageObject","inLanguage":"en-US","@id":"https:\/\/www.macco.nl\/#\/schema\/logo\/image\/","url":"https:\/\/www.macco.nl\/wp-content\/uploads\/2016\/09\/Logo-VOF-klein.png","contentUrl":"https:\/\/www.macco.nl\/wp-content\/uploads\/2016\/09\/Logo-VOF-klein.png","width":252,"height":252,"caption":"Macco VOF"},"image":{"@id":"https:\/\/www.macco.nl\/#\/schema\/logo\/image\/"},"sameAs":["https:\/\/www.facebook.com\/maccolingui","https:\/\/nl.linkedin.com\/company\/macco","https:\/\/www.instagram.com\/macco_lingui"]}]}},"jetpack_sharing_enabled":false,"jetpack_shortlink":"https:\/\/wp.me\/P7S6sp-2u","jetpack-related-posts":[{"id":3232,"url":"https:\/\/www.macco.nl\/en\/algemene-voorwaarden\/","url_meta":{"origin":154,"position":0},"title":"Terms and conditions","author":"Macco VOF","date":"August 24, 2020","format":false,"excerpt":"English version below Ingangsdatum: 15 augustus 2025 Welkom bij Macco Lingui! Deze Algemene Voorwaarden (\u201cVoorwaarden\u201d) regelen uw gebruik van de Macco Lingui-app, website (www.macco.nl) en gerelateerde diensten geleverd door Macco VOF (\u201cwij,\u201d \u201cons,\u201d of \u201conze\u201d). Door toegang te krijgen tot of gebruik te maken van onze diensten, gaat u akkoord\u2026","rel":"","context":"Similar post","block_context":{"text":"Similar post","link":""},"img":{"alt_text":"","src":"","width":0,"height":0},"classes":[]},{"id":1096,"url":"https:\/\/www.macco.nl\/en\/privacy-policy\/","url_meta":{"origin":154,"position":1},"title":"Privacy policy","author":"Macco VOF","date":"November 30, 2017","format":false,"excerpt":"English version below 1. Inleiding Macco VOF (\"wij,\" \"ons,\" of \"onze\") hecht veel waarde aan de bescherming van uw privacy. Dit Privacybeleid legt uit hoe wij uw persoonlijke gegevens verzamelen, gebruiken en bekendmaken wanneer u onze diensten gebruikt, inclusief de Macco Lingui-app en onze website (www.macco.nl). 2. Gegevens die wij\u2026","rel":"","context":"Similar post","block_context":{"text":"Similar post","link":""},"img":{"alt_text":"","src":"","width":0,"height":0},"classes":[]},{"id":24,"url":"https:\/\/www.macco.nl\/en\/order\/","url_meta":{"origin":154,"position":2},"title":"Order","author":"Macco VOF","date":"September 6, 2016","format":false,"excerpt":"Boeken en taalkaarten Particulieren Bestel gemakkelijk via onze webshop. Betaal met iDeal, Bancontact of creditcard. Verzending typisch binnen een werkdag. Digitale versies van de taalkaarten zijn beschikbaar op Amazon. Scholen en bedrijven Vraag een offerte of bestel op factuur via dit bestelformulier. Verzendkosten incl. BTW: \u20ac 6,- (Nederland) of \u20ac\u2026","rel":"","context":"Similar post","block_context":{"text":"Similar post","link":""},"img":{"alt_text":"","src":"https:\/\/i0.wp.com\/www.macco.nl\/wp-content\/uploads\/2020\/08\/Taalkaarten-Engels-e1675109016505.jpg?resize=350%2C200&ssl=1","width":350,"height":200,"srcset":"https:\/\/i0.wp.com\/www.macco.nl\/wp-content\/uploads\/2020\/08\/Taalkaarten-Engels-e1675109016505.jpg?resize=350%2C200&ssl=1 1x, https:\/\/i0.wp.com\/www.macco.nl\/wp-content\/uploads\/2020\/08\/Taalkaarten-Engels-e1675109016505.jpg?resize=525%2C300&ssl=1 1.5x"},"classes":[]},{"id":4651,"url":"https:\/\/www.macco.nl\/en\/home\/leergang-frans\/","url_meta":{"origin":154,"position":3},"title":"French course","author":"Macco VOF","date":"November 9, 2022","format":false,"excerpt":"Opbouw van de leergang Deze leergang voor de onderbouw bestaat uit de delen Pr\u00eat au d\u00e9part ! (PAD) en Nous voil\u00e0 partis ! (NVP). Door de leergang in twee boeken te gieten, is deze ook te gebruiken op scholen waar slechts twee jaar Frans in de onderbouw wordt gegeven. Scholen\u2026","rel":"","context":"Similar post","block_context":{"text":"Similar post","link":""},"img":{"alt_text":"","src":"https:\/\/i0.wp.com\/www.macco.nl\/wp-content\/uploads\/2024\/02\/Leergang-Frans-small2.png?resize=350%2C200&ssl=1","width":350,"height":200,"srcset":"https:\/\/i0.wp.com\/www.macco.nl\/wp-content\/uploads\/2024\/02\/Leergang-Frans-small2.png?resize=350%2C200&ssl=1 1x, https:\/\/i0.wp.com\/www.macco.nl\/wp-content\/uploads\/2024\/02\/Leergang-Frans-small2.png?resize=525%2C300&ssl=1 1.5x"},"classes":[]},{"id":1572,"url":"https:\/\/www.macco.nl\/en\/home\/taalkaarten\/","url_meta":{"origin":154,"position":4},"title":"Language cards","author":"Macco VOF","date":"June 13, 2019","format":false,"excerpt":"Verken onze taalkaarten! Handzaam A4 formaat, gelamineerd Slechts \u20ac 2,20 (tweezijdige kaarten) of \u20ac 4,40 (vouwkaarten) Scholen kunnen de kaarten rechtstreeks inkopen via het bestelformulier of via de bekende boekenleveranciers (VanDijk, OsingadeJong en\u00a0Iddink). Webshop Bestelformulier Digitale versies (Amazon) Enkele highlights Onze taalpuzzels en werkbladen zijn perfect oefenmateriaal bij de taalkaarten.\u2026","rel":"","context":"Similar post","block_context":{"text":"Similar post","link":""},"img":{"alt_text":"Taalkaarten - Macco Lingui","src":"https:\/\/i0.wp.com\/www.macco.nl\/wp-content\/uploads\/2024\/02\/waaier-taalkaarten-small.png?resize=350%2C200&ssl=1","width":350,"height":200},"classes":[]},{"id":4252,"url":"https:\/\/www.macco.nl\/en\/","url_meta":{"origin":154,"position":5},"title":"Home","author":"Macco VOF","date":"August 14, 2025","format":false,"excerpt":"Macco VOF Educatieve leermiddelen uit de praktijk De Macco Lingui app Talen leer je met de Macco Lingui app! Leer Frans, Spaans, Duits, Engels en Latijn op je computer, telefoon, tablet of Chromebook! Uitermate geschikt voor het onderwijs, zelfstudie en bedrijfsleven. Meer dan 100.000 geluidsopnames door native speakers helpen je\u2026","rel":"","context":"Similar post","block_context":{"text":"Similar post","link":""},"img":{"alt_text":"Taalkaarten - Macco Lingui","src":"https:\/\/i0.wp.com\/www.macco.nl\/wp-content\/uploads\/2024\/02\/waaier-taalkaarten-small.png?resize=350%2C200&ssl=1","width":350,"height":200},"classes":[]}],"jetpack_likes_enabled":false,"_links":{"self":[{"href":"https:\/\/www.macco.nl\/en\/wp-json\/wp\/v2\/pages\/154","targetHints":{"allow":["GET"]}}],"collection":[{"href":"https:\/\/www.macco.nl\/en\/wp-json\/wp\/v2\/pages"}],"about":[{"href":"https:\/\/www.macco.nl\/en\/wp-json\/wp\/v2\/types\/page"}],"author":[{"embeddable":true,"href":"https:\/\/www.macco.nl\/en\/wp-json\/wp\/v2\/users\/1"}],"replies":[{"embeddable":true,"href":"https:\/\/www.macco.nl\/en\/wp-json\/wp\/v2\/comments?post=154"}],"version-history":[{"count":19,"href":"https:\/\/www.macco.nl\/en\/wp-json\/wp\/v2\/pages\/154\/revisions"}],"predecessor-version":[{"id":5935,"href":"https:\/\/www.macco.nl\/en\/wp-json\/wp\/v2\/pages\/154\/revisions\/5935"}],"wp:attachment":[{"href":"https:\/\/www.macco.nl\/en\/wp-json\/wp\/v2\/media?parent=154"}],"curies":[{"name":"wp","href":"https:\/\/api.w.org\/{rel}","templated":true}]}}