{"id":1572,"date":"2019-06-13T20:49:35","date_gmt":"2019-06-13T18:49:35","guid":{"rendered":"https:\/\/www.macco.nl\/?page_id=1572"},"modified":"2025-01-25T16:22:03","modified_gmt":"2025-01-25T15:22:03","slug":"taalkaarten","status":"publish","type":"page","link":"https:\/\/www.macco.nl\/en\/home\/taalkaarten\/","title":{"rendered":"Language cards"},"content":{"rendered":"<div class=\"wp-block-cover alignfull\" style=\"min-height:400px;aspect-ratio:unset;\"><span aria-hidden=\"true\" class=\"wp-block-cover__background has-nv-light-bg-background-color has-background-dim-100 has-background-dim\"><\/span><div class=\"wp-block-cover__inner-container is-layout-flow wp-block-cover-is-layout-flow\">\n<div style=\"height:30px\" aria-hidden=\"true\" class=\"wp-block-spacer\"><\/div>\n\n\n\n<div class=\"wp-block-group\"><div class=\"wp-block-group__inner-container is-layout-flow wp-block-group-is-layout-flow\">\n<div class=\"wp-block-columns are-vertically-aligned-center has-neve-text-color-color has-text-color has-link-color wp-elements-86a802868d4b1d2d8f8ed0eba40bb9df is-layout-flex wp-container-core-columns-is-layout-9d6595d7 wp-block-columns-is-layout-flex\">\n<div class=\"wp-block-column is-vertically-aligned-center is-layout-flow wp-block-column-is-layout-flow\" style=\"flex-basis:50%\">\n<figure class=\"wp-block-image size-full animated fadeIn\"><img loading=\"lazy\" decoding=\"async\" width=\"691\" height=\"519\" data-attachment-id=\"3163\" data-permalink=\"https:\/\/www.macco.nl\/en\/2020\/08\/13\/vers-van-de-pers-taalkaarten-engels\/taalkaarten-engels\/\" data-orig-file=\"https:\/\/www.macco.nl\/wp-content\/uploads\/2020\/08\/Taalkaarten-Engels-e1675109016505.jpg\" data-orig-size=\"691,519\" data-comments-opened=\"1\" data-image-meta=\"{&quot;aperture&quot;:&quot;0&quot;,&quot;credit&quot;:&quot;&quot;,&quot;camera&quot;:&quot;&quot;,&quot;caption&quot;:&quot;&quot;,&quot;created_timestamp&quot;:&quot;0&quot;,&quot;copyright&quot;:&quot;&quot;,&quot;focal_length&quot;:&quot;0&quot;,&quot;iso&quot;:&quot;0&quot;,&quot;shutter_speed&quot;:&quot;0&quot;,&quot;title&quot;:&quot;&quot;,&quot;orientation&quot;:&quot;0&quot;}\" data-image-title=\"Taalkaarten Engels\" data-image-description=\"\" data-image-caption=\"\" data-large-file=\"https:\/\/www.macco.nl\/wp-content\/uploads\/2020\/08\/Taalkaarten-Engels-1024x768.jpg\" src=\"https:\/\/www.macco.nl\/wp-content\/uploads\/2020\/08\/Taalkaarten-Engels-e1675109016505.jpg\" alt=\"\" class=\"wp-image-3163\" style=\"object-fit:cover\" srcset=\"https:\/\/www.macco.nl\/wp-content\/uploads\/2020\/08\/Taalkaarten-Engels-e1675109016505.jpg 691w, https:\/\/www.macco.nl\/wp-content\/uploads\/2020\/08\/Taalkaarten-Engels-e1675109016505-600x451.jpg 600w, https:\/\/www.macco.nl\/wp-content\/uploads\/2020\/08\/Taalkaarten-Engels-e1675109016505-300x225.jpg 300w\" sizes=\"auto, (max-width: 691px) 100vw, 691px\" \/><\/figure>\n<\/div>\n\n\n\n<div class=\"wp-block-column is-vertically-aligned-center is-layout-flow wp-block-column-is-layout-flow\" style=\"padding-right:var(--wp--preset--spacing--30);padding-left:var(--wp--preset--spacing--30);flex-basis:50%\">\n<h2 class=\"wp-block-heading has-text-align-left has-neve-text-color-color has-text-color\">Explore our language cards!<\/h2>\n\n\n\n<ul class=\"wp-block-list\">\n<li>Digital cards sold via Amazon<\/li>\n\n\n\n<li>Dutch users can find printed copies in our webshop<\/li>\n\n\n<\/ul>\n\n\n\n<div class=\"wp-block-buttons is-horizontal is-content-justification-left is-layout-flex wp-container-core-buttons-is-layout-7e5fce0a wp-block-buttons-is-layout-flex\">\n<div class=\"wp-block-button is-style-primary animated fadeIn delay-100ms\"><a class=\"wp-block-button__link has-nv-site-bg-color has-luminous-vivid-amber-to-luminous-vivid-orange-gradient-background has-text-color has-background has-link-color wp-element-button\" href=\"https:\/\/www.macco.nl\/en\/winkel\/\">Webshop (Dutch)<\/a><\/div>\n\n\n\n\n\n<div class=\"wp-block-button animated fadeIn delay-500ms undefined\"><a class=\"wp-block-button__link has-nv-site-bg-color has-neve-link-color-background-color has-text-color has-background has-link-color wp-element-button\" href=\"https:\/\/www.amazon.nl\/s?k=macco+lingui\" target=\"_blank\" rel=\"noreferrer noopener\">Explore our cards on Amazon<\/a><\/div>\n<\/div>\n<\/div>\n<\/div>\n<\/div><\/div>\n\n\n\n<div style=\"height:30px\" aria-hidden=\"true\" class=\"wp-block-spacer\"><\/div>\n<\/div><\/div>\n\n\n\n<div class=\"wp-block-cover alignfull has-neve-text-color-color has-text-color has-link-color wp-elements-a51e0ccdb3a8a06605908094ea3a566f\" style=\"min-height:200px;aspect-ratio:unset;\"><span aria-hidden=\"true\" class=\"wp-block-cover__background has-nv-site-bg-background-color has-background-dim-100 has-background-dim\"><\/span><div class=\"wp-block-cover__inner-container is-layout-flow wp-block-cover-is-layout-flow\">\n<div style=\"height:30px\" aria-hidden=\"true\" class=\"wp-block-spacer\"><\/div>\n\n\n\n<div class=\"wp-block-group\"><div class=\"wp-block-group__inner-container is-layout-flow wp-block-group-is-layout-flow\">\n<div class=\"wp-block-columns are-vertically-aligned-center is-layout-flex wp-container-core-columns-is-layout-9d6595d7 wp-block-columns-is-layout-flex\">\n<div class=\"wp-block-column is-vertically-aligned-center is-layout-flow wp-block-column-is-layout-flow\" style=\"padding-right:var(--wp--preset--spacing--30);padding-left:var(--wp--preset--spacing--30);flex-basis:50%\">\n<h2 class=\"wp-block-heading has-text-align-left has-neve-text-color-color has-text-color\">Highlights<\/h2>\n\n\n\n<ul class=\"wp-block-list\">\n<li>Our <strong><a href=\"https:\/\/www.macco.nl\/en\/puzzels-en-werkbladen\/\">puzzles and worksheets<\/a><\/strong> are often specifically tailored to our language cards.<\/li>\n\n\n\n\n\n<li>Smart use of color to indicate verb endings, cases and irregulaties, just like in the <strong><a href=\"https:\/\/www.macco.nl\/en\/macco-lingui-app\/\">app<\/a><\/strong>. For example the German cases:<br> <span style=\"color: #00b300;\"><strong>nominative<\/strong><\/span><span style=\"color: #000000;\">, <\/span><span style=\"color: #00bdf7;\"><strong>genitive<\/strong><\/span><span style=\"color: #000000;\">, <\/span><span style=\"color: #0000fc;\"><strong>dative<\/strong><\/span><span style=\"color: #000000;\">, <\/span><span style=\"color: #ff0000;\"><strong>accusative<\/strong><\/span><strong>.<br> <\/strong>And conjugations:<br> <strong>German:<\/strong> ich sag<span style=\"color: #ff0000;\"><strong>e<\/strong><\/span>, du glaub<span style=\"color: #ff0000;\"><strong>test<\/strong><\/span>, ich red<span style=\"color: #0000fc;\"><strong>e<\/strong><\/span><span style=\"color: #ff0000;\"><strong>te<\/strong><\/span>, er f<span style=\"color: #0000fc;\"><strong>\u00e4<\/strong><\/span>hr<span style=\"color: #ff0000;\"><strong>t<\/strong><\/span> , &#8230;<br> <strong>French:<\/strong> nous fin<span style=\"color: #0000fc;\"><strong>iss<span style=\"color: #ff0000;\"><b>ons<\/b><\/span><\/strong><\/span> , il prot\u00e9g<span style=\"color: #0000fc;\"><strong>e<span style=\"color: #ff0000;\"><b>ait<\/b><\/span><\/strong><\/span>, elle s&#039;est lav<span style=\"color: #0000fc;\"><strong>\u00e9<span style=\"color: #ff0000;\"><b>e<\/b><\/span><\/strong><\/span><br> <strong>Spanish:<\/strong> el<span style=\"color: #0000fc;\"><strong>i<span style=\"color: #00b300;\">j<\/span><span style=\"color: #ff0000;\"><b>o<\/b><\/span><\/strong><\/span>,&nbsp;el<span style=\"color: #0000fc;\"><strong>i<\/strong><\/span>g<span style=\"color: #0000fc;\"><strong><span style=\"color: #ff0000;\"><b>o<\/b><\/span><\/strong><\/span>, \u2026, d<span style=\"color: #00b300;\"><strong>oy<\/strong><\/span>, d<span style=\"color: #0000fc;\"><strong><span style=\"color: #ff0000;\"><b>as<\/b><\/span><\/strong><\/span>, d<span style=\"color: #0000fc;\"><strong><span style=\"color: #ff0000;\"><b>a<\/b><\/span><\/strong><\/span><br> <strong>Latin:<\/strong> cap<strong><span style=\"color: #000000;\"><b>ie<\/b><\/span><span style=\"color: #0000ff;\"><b>ba<\/b><\/span><span style=\"color: #ff0000;\"><b>m<\/b><\/span><\/strong>, &#8230;, mon<strong><span style=\"color: #0000ff;\"><b>u<\/b><\/span><span style=\"color: #ff0000;\"><b>eramus<\/b><\/span><\/strong><\/li>\n<\/ul>\n<\/div>\n\n\n\n<div class=\"wp-block-column is-vertically-aligned-center is-layout-flow wp-block-column-is-layout-flow\" style=\"flex-basis:50%\"><div class=\"wp-block-image animated fadeIn\">\n<figure class=\"aligncenter size-full\"><img loading=\"lazy\" decoding=\"async\" width=\"500\" height=\"307\" data-attachment-id=\"5365\" data-permalink=\"https:\/\/www.macco.nl\/en\/home\/taalkaarten\/waaier-taalkaarten-small\/\" data-orig-file=\"https:\/\/www.macco.nl\/wp-content\/uploads\/2024\/02\/waaier-taalkaarten-small.png\" data-orig-size=\"500,307\" data-comments-opened=\"1\" data-image-meta=\"{&quot;aperture&quot;:&quot;0&quot;,&quot;credit&quot;:&quot;&quot;,&quot;camera&quot;:&quot;&quot;,&quot;caption&quot;:&quot;&quot;,&quot;created_timestamp&quot;:&quot;0&quot;,&quot;copyright&quot;:&quot;&quot;,&quot;focal_length&quot;:&quot;0&quot;,&quot;iso&quot;:&quot;0&quot;,&quot;shutter_speed&quot;:&quot;0&quot;,&quot;title&quot;:&quot;&quot;,&quot;orientation&quot;:&quot;0&quot;}\" data-image-title=\"waaier-taalkaarten-small\" data-image-description=\"\" data-image-caption=\"\" data-large-file=\"https:\/\/www.macco.nl\/wp-content\/uploads\/2024\/02\/waaier-taalkaarten-small.png\" src=\"https:\/\/www.macco.nl\/wp-content\/uploads\/2024\/02\/waaier-taalkaarten-small.png\" alt=\"\" class=\"wp-image-5365\"\/><\/figure>\n<\/div><\/div>\n<\/div>\n<\/div><\/div>\n<\/div><\/div>\n\n\n\n<h4 class=\"wp-block-heading\">Please respect copyright<\/h4>\n\n\n\n<p>Our language cards are subject to <strong>copyright.<\/strong> It is not permitted to copy, scan or reproduce the cards in any other way.<\/p>\n\n\n\n<p><strong>\u00a9 Macco VOF<\/strong><\/p>\n\n\n\n\n\n<div style=\"height:20px\" aria-hidden=\"true\" class=\"wp-block-spacer\"><\/div>\n\n\n\n\n\n<div style=\"height:20px\" aria-hidden=\"true\" class=\"wp-block-spacer\"><\/div>\n\n\n\n\n\n<div style=\"height:20px\" aria-hidden=\"true\" class=\"wp-block-spacer\"><\/div>\n\n\n\n\n\n<div style=\"height:20px\" aria-hidden=\"true\" class=\"wp-block-spacer\"><\/div>\n\n\n\n\n\n<div style=\"height:20px\" aria-hidden=\"true\" class=\"wp-block-spacer\"><\/div>\n\n\n\n\n\n<div style=\"height:20px\" aria-hidden=\"true\" class=\"wp-block-spacer\"><\/div>\n\n\n\n\n\n\n\n<div style=\"height:20px\" aria-hidden=\"true\" class=\"wp-block-spacer\"><\/div>\n\n\n\n\n\n<div style=\"height:20px\" aria-hidden=\"true\" class=\"wp-block-spacer\"><\/div>\n\n\n\n\n\n<div style=\"height:20px\" aria-hidden=\"true\" class=\"wp-block-spacer\"><\/div>\n\n\n\n\n\n<div style=\"height:20px\" aria-hidden=\"true\" class=\"wp-block-spacer\"><\/div>\n\n\n\n\n\n<div style=\"height:20px\" aria-hidden=\"true\" class=\"wp-block-spacer\"><\/div>\n\n\n\n\n\n<div style=\"height:20px\" aria-hidden=\"true\" class=\"wp-block-spacer\"><\/div>","protected":false},"excerpt":{"rendered":"<p>Respecteer het copyright Op de taalkaarten rust copyright. Het is niet toegestaan de kaarten te kopi\u00ebren, in te scannen of op welke andere wijze dan ook te vermenigvuldigen. \u00a9 Macco VOF<\/p>","protected":false},"author":1,"featured_media":0,"parent":4252,"menu_order":3,"comment_status":"closed","ping_status":"closed","template":"","meta":{"_exactmetrics_skip_tracking":false,"_exactmetrics_sitenote_active":false,"_exactmetrics_sitenote_note":"","_exactmetrics_sitenote_category":0,"neve_meta_sidebar":"","neve_meta_container":"default","neve_meta_enable_content_width":"on","neve_meta_content_width":100,"neve_meta_title_alignment":"","neve_meta_author_avatar":"","neve_post_elements_order":"","neve_meta_disable_header":"","neve_meta_disable_footer":"","neve_meta_disable_title":"on","_themeisle_gutenberg_block_has_review":false,"jetpack_post_was_ever_published":false,"footnotes":""},"class_list":["post-1572","page","type-page","status-publish","hentry"],"yoast_head":"<!-- This site is optimized with the Yoast SEO plugin v27.5 - https:\/\/yoast.com\/product\/yoast-seo-wordpress\/ -->\n<title>Taalkaarten Macco Lingui: Frans, Spaans, Duits, Engels en Latijn!<\/title>\n<meta name=\"description\" content=\"Onze taalkaarten zijn je beste vriend bij het leren van de vreemde taal! Ze passen ook goed bij onze app en gratis puzzels en oefenbladen!\" \/>\n<meta name=\"robots\" content=\"index, follow, max-snippet:-1, max-image-preview:large, max-video-preview:-1\" \/>\n<link rel=\"canonical\" href=\"https:\/\/www.macco.nl\/en\/home\/taalkaarten\/\" \/>\n<meta property=\"og:locale\" content=\"en_US\" \/>\n<meta property=\"og:type\" content=\"article\" \/>\n<meta property=\"og:title\" content=\"Taalkaarten Macco Lingui: Frans, Spaans, Duits, Engels en Latijn!\" \/>\n<meta property=\"og:description\" content=\"Onze taalkaarten zijn je beste vriend bij het leren van de vreemde taal! Ze passen ook goed bij onze app en gratis puzzels en oefenbladen!\" \/>\n<meta property=\"og:url\" content=\"https:\/\/www.macco.nl\/en\/home\/taalkaarten\/\" \/>\n<meta property=\"og:site_name\" content=\"Macco VOF\" \/>\n<meta property=\"article:publisher\" content=\"https:\/\/www.facebook.com\/maccolingui\" \/>\n<meta property=\"article:modified_time\" content=\"2025-01-25T15:22:03+00:00\" \/>\n<meta property=\"og:image\" content=\"https:\/\/www.macco.nl\/wp-content\/uploads\/2020\/08\/Taalkaarten-Engels-e1675109016505.jpg\" \/>\n\t<meta property=\"og:image:width\" content=\"691\" \/>\n\t<meta property=\"og:image:height\" content=\"519\" \/>\n\t<meta property=\"og:image:type\" content=\"image\/jpeg\" \/>\n<meta name=\"twitter:card\" content=\"summary_large_image\" \/>\n<meta name=\"twitter:label1\" content=\"Est. reading time\" \/>\n\t<meta name=\"twitter:data1\" content=\"9 minutes\" \/>\n<script type=\"application\/ld+json\" class=\"yoast-schema-graph\">{\"@context\":\"https:\\\/\\\/schema.org\",\"@graph\":[{\"@type\":\"WebPage\",\"@id\":\"https:\\\/\\\/www.macco.nl\\\/home\\\/taalkaarten\\\/\",\"url\":\"https:\\\/\\\/www.macco.nl\\\/home\\\/taalkaarten\\\/\",\"name\":\"Taalkaarten Macco Lingui: Frans, Spaans, Duits, Engels en Latijn!\",\"isPartOf\":{\"@id\":\"https:\\\/\\\/www.macco.nl\\\/#website\"},\"primaryImageOfPage\":{\"@id\":\"https:\\\/\\\/www.macco.nl\\\/home\\\/taalkaarten\\\/#primaryimage\"},\"image\":{\"@id\":\"https:\\\/\\\/www.macco.nl\\\/home\\\/taalkaarten\\\/#primaryimage\"},\"thumbnailUrl\":\"https:\\\/\\\/www.macco.nl\\\/wp-content\\\/uploads\\\/2020\\\/08\\\/Taalkaarten-Engels-e1675109016505.jpg\",\"datePublished\":\"2019-06-13T18:49:35+00:00\",\"dateModified\":\"2025-01-25T15:22:03+00:00\",\"description\":\"Onze taalkaarten zijn je beste vriend bij het leren van de vreemde taal! Ze passen ook goed bij onze app en gratis puzzels en oefenbladen!\",\"breadcrumb\":{\"@id\":\"https:\\\/\\\/www.macco.nl\\\/home\\\/taalkaarten\\\/#breadcrumb\"},\"inLanguage\":\"en-US\",\"potentialAction\":[{\"@type\":\"ReadAction\",\"target\":[\"https:\\\/\\\/www.macco.nl\\\/home\\\/taalkaarten\\\/\"]}]},{\"@type\":\"ImageObject\",\"inLanguage\":\"en-US\",\"@id\":\"https:\\\/\\\/www.macco.nl\\\/home\\\/taalkaarten\\\/#primaryimage\",\"url\":\"https:\\\/\\\/www.macco.nl\\\/wp-content\\\/uploads\\\/2020\\\/08\\\/Taalkaarten-Engels-e1675109016505.jpg\",\"contentUrl\":\"https:\\\/\\\/www.macco.nl\\\/wp-content\\\/uploads\\\/2020\\\/08\\\/Taalkaarten-Engels-e1675109016505.jpg\"},{\"@type\":\"BreadcrumbList\",\"@id\":\"https:\\\/\\\/www.macco.nl\\\/home\\\/taalkaarten\\\/#breadcrumb\",\"itemListElement\":[{\"@type\":\"ListItem\",\"position\":1,\"name\":\"Home\",\"item\":\"https:\\\/\\\/www.macco.nl\\\/\"},{\"@type\":\"ListItem\",\"position\":2,\"name\":\"Home\",\"item\":\"https:\\\/\\\/www.macco.nl\\\/\"},{\"@type\":\"ListItem\",\"position\":3,\"name\":\"Taalkaarten\"}]},{\"@type\":\"WebSite\",\"@id\":\"https:\\\/\\\/www.macco.nl\\\/#website\",\"url\":\"https:\\\/\\\/www.macco.nl\\\/\",\"name\":\"Macco VOF\",\"description\":\"Leer talen met Macco Lingui!\",\"publisher\":{\"@id\":\"https:\\\/\\\/www.macco.nl\\\/#organization\"},\"potentialAction\":[{\"@type\":\"SearchAction\",\"target\":{\"@type\":\"EntryPoint\",\"urlTemplate\":\"https:\\\/\\\/www.macco.nl\\\/?s={search_term_string}\"},\"query-input\":{\"@type\":\"PropertyValueSpecification\",\"valueRequired\":true,\"valueName\":\"search_term_string\"}}],\"inLanguage\":\"en-US\"},{\"@type\":\"Organization\",\"@id\":\"https:\\\/\\\/www.macco.nl\\\/#organization\",\"name\":\"Macco VOF\",\"url\":\"https:\\\/\\\/www.macco.nl\\\/\",\"logo\":{\"@type\":\"ImageObject\",\"inLanguage\":\"en-US\",\"@id\":\"https:\\\/\\\/www.macco.nl\\\/#\\\/schema\\\/logo\\\/image\\\/\",\"url\":\"https:\\\/\\\/www.macco.nl\\\/wp-content\\\/uploads\\\/2016\\\/09\\\/Logo-VOF-klein.png\",\"contentUrl\":\"https:\\\/\\\/www.macco.nl\\\/wp-content\\\/uploads\\\/2016\\\/09\\\/Logo-VOF-klein.png\",\"width\":252,\"height\":252,\"caption\":\"Macco VOF\"},\"image\":{\"@id\":\"https:\\\/\\\/www.macco.nl\\\/#\\\/schema\\\/logo\\\/image\\\/\"},\"sameAs\":[\"https:\\\/\\\/www.facebook.com\\\/maccolingui\",\"https:\\\/\\\/nl.linkedin.com\\\/company\\\/macco\",\"https:\\\/\\\/www.instagram.com\\\/macco_lingui\"]}]}<\/script>\n<!-- \/ Yoast SEO plugin. -->","yoast_head_json":{"title":"Taalkaarten Macco Lingui: Frans, Spaans, Duits, Engels en Latijn!","description":"Onze taalkaarten zijn je beste vriend bij het leren van de vreemde taal! Ze passen ook goed bij onze app en gratis puzzels en oefenbladen!","robots":{"index":"index","follow":"follow","max-snippet":"max-snippet:-1","max-image-preview":"max-image-preview:large","max-video-preview":"max-video-preview:-1"},"canonical":"https:\/\/www.macco.nl\/en\/home\/taalkaarten\/","og_locale":"en_US","og_type":"article","og_title":"Taalkaarten Macco Lingui: Frans, Spaans, Duits, Engels en Latijn!","og_description":"Onze taalkaarten zijn je beste vriend bij het leren van de vreemde taal! Ze passen ook goed bij onze app en gratis puzzels en oefenbladen!","og_url":"https:\/\/www.macco.nl\/en\/home\/taalkaarten\/","og_site_name":"Macco VOF","article_publisher":"https:\/\/www.facebook.com\/maccolingui","article_modified_time":"2025-01-25T15:22:03+00:00","og_image":[{"width":691,"height":519,"url":"https:\/\/www.macco.nl\/wp-content\/uploads\/2020\/08\/Taalkaarten-Engels-e1675109016505.jpg","type":"image\/jpeg"}],"twitter_card":"summary_large_image","twitter_misc":{"Est. reading time":"9 minutes"},"schema":{"@context":"https:\/\/schema.org","@graph":[{"@type":"WebPage","@id":"https:\/\/www.macco.nl\/home\/taalkaarten\/","url":"https:\/\/www.macco.nl\/home\/taalkaarten\/","name":"Taalkaarten Macco Lingui: Frans, Spaans, Duits, Engels en Latijn!","isPartOf":{"@id":"https:\/\/www.macco.nl\/#website"},"primaryImageOfPage":{"@id":"https:\/\/www.macco.nl\/home\/taalkaarten\/#primaryimage"},"image":{"@id":"https:\/\/www.macco.nl\/home\/taalkaarten\/#primaryimage"},"thumbnailUrl":"https:\/\/www.macco.nl\/wp-content\/uploads\/2020\/08\/Taalkaarten-Engels-e1675109016505.jpg","datePublished":"2019-06-13T18:49:35+00:00","dateModified":"2025-01-25T15:22:03+00:00","description":"Onze taalkaarten zijn je beste vriend bij het leren van de vreemde taal! Ze passen ook goed bij onze app en gratis puzzels en oefenbladen!","breadcrumb":{"@id":"https:\/\/www.macco.nl\/home\/taalkaarten\/#breadcrumb"},"inLanguage":"en-US","potentialAction":[{"@type":"ReadAction","target":["https:\/\/www.macco.nl\/home\/taalkaarten\/"]}]},{"@type":"ImageObject","inLanguage":"en-US","@id":"https:\/\/www.macco.nl\/home\/taalkaarten\/#primaryimage","url":"https:\/\/www.macco.nl\/wp-content\/uploads\/2020\/08\/Taalkaarten-Engels-e1675109016505.jpg","contentUrl":"https:\/\/www.macco.nl\/wp-content\/uploads\/2020\/08\/Taalkaarten-Engels-e1675109016505.jpg"},{"@type":"BreadcrumbList","@id":"https:\/\/www.macco.nl\/home\/taalkaarten\/#breadcrumb","itemListElement":[{"@type":"ListItem","position":1,"name":"Home","item":"https:\/\/www.macco.nl\/"},{"@type":"ListItem","position":2,"name":"Home","item":"https:\/\/www.macco.nl\/"},{"@type":"ListItem","position":3,"name":"Taalkaarten"}]},{"@type":"WebSite","@id":"https:\/\/www.macco.nl\/#website","url":"https:\/\/www.macco.nl\/","name":"Macco VOF","description":"Learn languages with Macco Lingui!","publisher":{"@id":"https:\/\/www.macco.nl\/#organization"},"potentialAction":[{"@type":"SearchAction","target":{"@type":"EntryPoint","urlTemplate":"https:\/\/www.macco.nl\/?s={search_term_string}"},"query-input":{"@type":"PropertyValueSpecification","valueRequired":true,"valueName":"search_term_string"}}],"inLanguage":"en-US"},{"@type":"Organization","@id":"https:\/\/www.macco.nl\/#organization","name":"Macco VOF","url":"https:\/\/www.macco.nl\/","logo":{"@type":"ImageObject","inLanguage":"en-US","@id":"https:\/\/www.macco.nl\/#\/schema\/logo\/image\/","url":"https:\/\/www.macco.nl\/wp-content\/uploads\/2016\/09\/Logo-VOF-klein.png","contentUrl":"https:\/\/www.macco.nl\/wp-content\/uploads\/2016\/09\/Logo-VOF-klein.png","width":252,"height":252,"caption":"Macco VOF"},"image":{"@id":"https:\/\/www.macco.nl\/#\/schema\/logo\/image\/"},"sameAs":["https:\/\/www.facebook.com\/maccolingui","https:\/\/nl.linkedin.com\/company\/macco","https:\/\/www.instagram.com\/macco_lingui"]}]}},"jetpack_sharing_enabled":true,"jetpack_shortlink":"https:\/\/wp.me\/P7S6sp-pm","jetpack-related-posts":[{"id":4651,"url":"https:\/\/www.macco.nl\/en\/home\/leergang-frans\/","url_meta":{"origin":1572,"position":0},"title":"French course","author":"Macco VOF","date":"November 9, 2022","format":false,"excerpt":"Opbouw van de leergang Deze leergang voor de onderbouw bestaat uit de delen Pr\u00eat au d\u00e9part ! (PAD) en Nous voil\u00e0 partis ! (NVP). Door de leergang in twee boeken te gieten, is deze ook te gebruiken op scholen waar slechts twee jaar Frans in de onderbouw wordt gegeven. Scholen\u2026","rel":"","context":"Similar post","block_context":{"text":"Similar post","link":""},"img":{"alt_text":"","src":"https:\/\/i0.wp.com\/www.macco.nl\/wp-content\/uploads\/2024\/02\/Leergang-Frans-small2.png?resize=350%2C200&ssl=1","width":350,"height":200,"srcset":"https:\/\/i0.wp.com\/www.macco.nl\/wp-content\/uploads\/2024\/02\/Leergang-Frans-small2.png?resize=350%2C200&ssl=1 1x, https:\/\/i0.wp.com\/www.macco.nl\/wp-content\/uploads\/2024\/02\/Leergang-Frans-small2.png?resize=525%2C300&ssl=1 1.5x"},"classes":[]},{"id":3207,"url":"https:\/\/www.macco.nl\/en\/home\/winkel\/","url_meta":{"origin":1572,"position":1},"title":"Webshop (Dutch)","author":"Macco VOF","date":"August 24, 2020","format":false,"excerpt":"","rel":"","context":"Similar post","block_context":{"text":"Similar post","link":""},"img":{"alt_text":"Taalkaarten - Macco Lingui","src":"https:\/\/i0.wp.com\/www.macco.nl\/wp-content\/uploads\/2024\/02\/waaier-taalkaarten-small.png?resize=350%2C200&ssl=1","width":350,"height":200},"classes":[]},{"id":24,"url":"https:\/\/www.macco.nl\/en\/order\/","url_meta":{"origin":1572,"position":2},"title":"Order","author":"Macco VOF","date":"September 6, 2016","format":false,"excerpt":"Boeken en taalkaarten Particulieren Bestel gemakkelijk via onze webshop. Betaal met iDeal, Bancontact of creditcard. Verzending typisch binnen een werkdag. Digitale versies van de taalkaarten zijn beschikbaar op Amazon. Scholen en bedrijven Vraag een offerte of bestel op factuur via dit bestelformulier. Verzendkosten incl. BTW: \u20ac 6,- (Nederland) of \u20ac\u2026","rel":"","context":"Similar post","block_context":{"text":"Similar post","link":""},"img":{"alt_text":"","src":"https:\/\/i0.wp.com\/www.macco.nl\/wp-content\/uploads\/2020\/08\/Taalkaarten-Engels-e1675109016505.jpg?resize=350%2C200&ssl=1","width":350,"height":200,"srcset":"https:\/\/i0.wp.com\/www.macco.nl\/wp-content\/uploads\/2020\/08\/Taalkaarten-Engels-e1675109016505.jpg?resize=350%2C200&ssl=1 1x, https:\/\/i0.wp.com\/www.macco.nl\/wp-content\/uploads\/2020\/08\/Taalkaarten-Engels-e1675109016505.jpg?resize=525%2C300&ssl=1 1.5x"},"classes":[]},{"id":4252,"url":"https:\/\/www.macco.nl\/en\/","url_meta":{"origin":1572,"position":3},"title":"Home","author":"Macco VOF","date":"August 14, 2025","format":false,"excerpt":"Macco VOF Educatieve leermiddelen uit de praktijk De Macco Lingui app Talen leer je met de Macco Lingui app! Leer Frans, Spaans, Duits, Engels en Latijn op je computer, telefoon, tablet of Chromebook! Uitermate geschikt voor het onderwijs, zelfstudie en bedrijfsleven. Meer dan 100.000 geluidsopnames door native speakers helpen je\u2026","rel":"","context":"Similar post","block_context":{"text":"Similar post","link":""},"img":{"alt_text":"Taalkaarten - Macco Lingui","src":"https:\/\/i0.wp.com\/www.macco.nl\/wp-content\/uploads\/2024\/02\/waaier-taalkaarten-small.png?resize=350%2C200&ssl=1","width":350,"height":200},"classes":[]},{"id":1578,"url":"https:\/\/www.macco.nl\/en\/werkwoordenkaart-frans-audio-hdp\/","url_meta":{"origin":1572,"position":4},"title":"Werkwoordenkaart Frans &#8211; Audio","author":"Macco VOF","date":"June 14, 2019","format":false,"excerpt":"Respecteer het copyright Op de taalkaarten rust copyright. Het is niet toegestaan de kaarten te kopi\u00ebren, in te scannen of op welke andere wijze dan ook te vermenigvuldigen. \u00a9 Macco VOF Pr\u00e9sent Regelmatige werkwoorden op -er, -ir, -re donner:\u00a0 finir:\u00a0 vendre:\u00a0 15 belangrijke onregelmatige werkwoorden avoir:\u00a0 \u00eatre:\u00a0 dire:\u00a0 faire:\u00a0 aller:\u2026","rel":"","context":"Similar post","block_context":{"text":"Similar post","link":""},"img":{"alt_text":"","src":"","width":0,"height":0},"classes":[]},{"id":1657,"url":"https:\/\/www.macco.nl\/en\/grammaticakaart-duits-audio-gtr\/","url_meta":{"origin":1572,"position":5},"title":"Werkwoordenkaart Duits &#8211; Audio","author":"Macco VOF","date":"June 21, 2019","format":false,"excerpt":"Respecteer het copyright Op de taalkaarten rust copyright. Het is niet toegestaan de kaarten te kopi\u00ebren, in te scannen of op welke andere wijze dan ook te vermenigvuldigen. \u00a9 Macco VOF Zwakke werkwoorden: Pr\u00e4sens sagen: suchen: glauben: reden: warten: rechnen: \u00f6ffnen: Rijtje reisen - du reist, ... Rijtje atmen, begegnen,\u2026","rel":"","context":"Similar post","block_context":{"text":"Similar post","link":""},"img":{"alt_text":"","src":"","width":0,"height":0},"classes":[]}],"jetpack_likes_enabled":true,"_links":{"self":[{"href":"https:\/\/www.macco.nl\/en\/wp-json\/wp\/v2\/pages\/1572","targetHints":{"allow":["GET"]}}],"collection":[{"href":"https:\/\/www.macco.nl\/en\/wp-json\/wp\/v2\/pages"}],"about":[{"href":"https:\/\/www.macco.nl\/en\/wp-json\/wp\/v2\/types\/page"}],"author":[{"embeddable":true,"href":"https:\/\/www.macco.nl\/en\/wp-json\/wp\/v2\/users\/1"}],"replies":[{"embeddable":true,"href":"https:\/\/www.macco.nl\/en\/wp-json\/wp\/v2\/comments?post=1572"}],"version-history":[{"count":71,"href":"https:\/\/www.macco.nl\/en\/wp-json\/wp\/v2\/pages\/1572\/revisions"}],"predecessor-version":[{"id":5797,"href":"https:\/\/www.macco.nl\/en\/wp-json\/wp\/v2\/pages\/1572\/revisions\/5797"}],"up":[{"embeddable":true,"href":"https:\/\/www.macco.nl\/en\/wp-json\/wp\/v2\/pages\/4252"}],"wp:attachment":[{"href":"https:\/\/www.macco.nl\/en\/wp-json\/wp\/v2\/media?parent=1572"}],"curies":[{"name":"wp","href":"https:\/\/api.w.org\/{rel}","templated":true}]}}