{"id":4694,"date":"2022-11-11T21:51:11","date_gmt":"2022-11-11T20:51:11","guid":{"rendered":"https:\/\/www.macco.nl\/?page_id=4694"},"modified":"2022-11-11T21:52:01","modified_gmt":"2022-11-11T20:52:01","slug":"macco-lingui-app","status":"publish","type":"page","link":"https:\/\/www.macco.nl\/en\/macco-lingui-app\/","title":{"rendered":"Macco Lingui app"},"content":{"rendered":"<iframe src=\"https:\/\/maccolinguieu.web.app\"> <\/iframe>","protected":false},"excerpt":{"rendered":"","protected":false},"author":1,"featured_media":0,"parent":0,"menu_order":0,"comment_status":"closed","ping_status":"closed","template":"page-templates\/page-contentonly.php","meta":{"_exactmetrics_skip_tracking":false,"_exactmetrics_sitenote_active":false,"_exactmetrics_sitenote_note":"","_exactmetrics_sitenote_category":0,"neve_meta_sidebar":"","neve_meta_container":"","neve_meta_enable_content_width":"","neve_meta_content_width":0,"neve_meta_title_alignment":"","neve_meta_author_avatar":"","neve_post_elements_order":"","neve_meta_disable_header":"","neve_meta_disable_footer":"","neve_meta_disable_title":"","_themeisle_gutenberg_block_has_review":false,"footnotes":""},"class_list":["post-4694","page","type-page","status-publish","hentry"],"yoast_head":"<!-- This site is optimized with the Yoast SEO plugin v27.5 - https:\/\/yoast.com\/product\/yoast-seo-wordpress\/ -->\n<title>Macco Lingui app - Macco VOF<\/title>\n<meta name=\"robots\" content=\"index, follow, max-snippet:-1, max-image-preview:large, max-video-preview:-1\" \/>\n<link rel=\"canonical\" href=\"https:\/\/www.macco.nl\/en\/macco-lingui-app\/\" \/>\n<meta property=\"og:locale\" content=\"en_US\" \/>\n<meta property=\"og:type\" content=\"article\" \/>\n<meta property=\"og:title\" content=\"Macco Lingui app - Macco VOF\" \/>\n<meta property=\"og:url\" content=\"https:\/\/www.macco.nl\/en\/macco-lingui-app\/\" \/>\n<meta property=\"og:site_name\" content=\"Macco VOF\" \/>\n<meta property=\"article:publisher\" content=\"https:\/\/www.facebook.com\/maccolingui\" \/>\n<meta property=\"article:modified_time\" content=\"2022-11-11T20:52:01+00:00\" \/>\n<meta name=\"twitter:card\" content=\"summary_large_image\" \/>\n<script type=\"application\/ld+json\" class=\"yoast-schema-graph\">{\"@context\":\"https:\\\/\\\/schema.org\",\"@graph\":[{\"@type\":\"WebPage\",\"@id\":\"https:\\\/\\\/www.macco.nl\\\/macco-lingui-app\\\/\",\"url\":\"https:\\\/\\\/www.macco.nl\\\/macco-lingui-app\\\/\",\"name\":\"Macco Lingui app - Macco VOF\",\"isPartOf\":{\"@id\":\"https:\\\/\\\/www.macco.nl\\\/#website\"},\"datePublished\":\"2022-11-11T20:51:11+00:00\",\"dateModified\":\"2022-11-11T20:52:01+00:00\",\"breadcrumb\":{\"@id\":\"https:\\\/\\\/www.macco.nl\\\/macco-lingui-app\\\/#breadcrumb\"},\"inLanguage\":\"en-US\",\"potentialAction\":[{\"@type\":\"ReadAction\",\"target\":[\"https:\\\/\\\/www.macco.nl\\\/macco-lingui-app\\\/\"]}]},{\"@type\":\"BreadcrumbList\",\"@id\":\"https:\\\/\\\/www.macco.nl\\\/macco-lingui-app\\\/#breadcrumb\",\"itemListElement\":[{\"@type\":\"ListItem\",\"position\":1,\"name\":\"Home\",\"item\":\"https:\\\/\\\/www.macco.nl\\\/\"},{\"@type\":\"ListItem\",\"position\":2,\"name\":\"Macco Lingui app\"}]},{\"@type\":\"WebSite\",\"@id\":\"https:\\\/\\\/www.macco.nl\\\/#website\",\"url\":\"https:\\\/\\\/www.macco.nl\\\/\",\"name\":\"Macco VOF\",\"description\":\"Leer talen met Macco Lingui!\",\"publisher\":{\"@id\":\"https:\\\/\\\/www.macco.nl\\\/#organization\"},\"potentialAction\":[{\"@type\":\"SearchAction\",\"target\":{\"@type\":\"EntryPoint\",\"urlTemplate\":\"https:\\\/\\\/www.macco.nl\\\/?s={search_term_string}\"},\"query-input\":{\"@type\":\"PropertyValueSpecification\",\"valueRequired\":true,\"valueName\":\"search_term_string\"}}],\"inLanguage\":\"en-US\"},{\"@type\":\"Organization\",\"@id\":\"https:\\\/\\\/www.macco.nl\\\/#organization\",\"name\":\"Macco VOF\",\"url\":\"https:\\\/\\\/www.macco.nl\\\/\",\"logo\":{\"@type\":\"ImageObject\",\"inLanguage\":\"en-US\",\"@id\":\"https:\\\/\\\/www.macco.nl\\\/#\\\/schema\\\/logo\\\/image\\\/\",\"url\":\"https:\\\/\\\/www.macco.nl\\\/wp-content\\\/uploads\\\/2016\\\/09\\\/Logo-VOF-klein.png\",\"contentUrl\":\"https:\\\/\\\/www.macco.nl\\\/wp-content\\\/uploads\\\/2016\\\/09\\\/Logo-VOF-klein.png\",\"width\":252,\"height\":252,\"caption\":\"Macco VOF\"},\"image\":{\"@id\":\"https:\\\/\\\/www.macco.nl\\\/#\\\/schema\\\/logo\\\/image\\\/\"},\"sameAs\":[\"https:\\\/\\\/www.facebook.com\\\/maccolingui\",\"https:\\\/\\\/nl.linkedin.com\\\/company\\\/macco\",\"https:\\\/\\\/www.instagram.com\\\/macco_lingui\"]}]}<\/script>\n<!-- \/ Yoast SEO plugin. -->","yoast_head_json":{"title":"Macco Lingui app - Macco VOF","robots":{"index":"index","follow":"follow","max-snippet":"max-snippet:-1","max-image-preview":"max-image-preview:large","max-video-preview":"max-video-preview:-1"},"canonical":"https:\/\/www.macco.nl\/en\/macco-lingui-app\/","og_locale":"en_US","og_type":"article","og_title":"Macco Lingui app - Macco VOF","og_url":"https:\/\/www.macco.nl\/en\/macco-lingui-app\/","og_site_name":"Macco VOF","article_publisher":"https:\/\/www.facebook.com\/maccolingui","article_modified_time":"2022-11-11T20:52:01+00:00","twitter_card":"summary_large_image","schema":{"@context":"https:\/\/schema.org","@graph":[{"@type":"WebPage","@id":"https:\/\/www.macco.nl\/macco-lingui-app\/","url":"https:\/\/www.macco.nl\/macco-lingui-app\/","name":"Macco Lingui app - Macco VOF","isPartOf":{"@id":"https:\/\/www.macco.nl\/#website"},"datePublished":"2022-11-11T20:51:11+00:00","dateModified":"2022-11-11T20:52:01+00:00","breadcrumb":{"@id":"https:\/\/www.macco.nl\/macco-lingui-app\/#breadcrumb"},"inLanguage":"en-US","potentialAction":[{"@type":"ReadAction","target":["https:\/\/www.macco.nl\/macco-lingui-app\/"]}]},{"@type":"BreadcrumbList","@id":"https:\/\/www.macco.nl\/macco-lingui-app\/#breadcrumb","itemListElement":[{"@type":"ListItem","position":1,"name":"Home","item":"https:\/\/www.macco.nl\/"},{"@type":"ListItem","position":2,"name":"Macco Lingui app"}]},{"@type":"WebSite","@id":"https:\/\/www.macco.nl\/#website","url":"https:\/\/www.macco.nl\/","name":"Macco VOF","description":"Learn languages with Macco Lingui!","publisher":{"@id":"https:\/\/www.macco.nl\/#organization"},"potentialAction":[{"@type":"SearchAction","target":{"@type":"EntryPoint","urlTemplate":"https:\/\/www.macco.nl\/?s={search_term_string}"},"query-input":{"@type":"PropertyValueSpecification","valueRequired":true,"valueName":"search_term_string"}}],"inLanguage":"en-US"},{"@type":"Organization","@id":"https:\/\/www.macco.nl\/#organization","name":"Macco VOF","url":"https:\/\/www.macco.nl\/","logo":{"@type":"ImageObject","inLanguage":"en-US","@id":"https:\/\/www.macco.nl\/#\/schema\/logo\/image\/","url":"https:\/\/www.macco.nl\/wp-content\/uploads\/2016\/09\/Logo-VOF-klein.png","contentUrl":"https:\/\/www.macco.nl\/wp-content\/uploads\/2016\/09\/Logo-VOF-klein.png","width":252,"height":252,"caption":"Macco VOF"},"image":{"@id":"https:\/\/www.macco.nl\/#\/schema\/logo\/image\/"},"sameAs":["https:\/\/www.facebook.com\/maccolingui","https:\/\/nl.linkedin.com\/company\/macco","https:\/\/www.instagram.com\/macco_lingui"]}]}},"jetpack_sharing_enabled":true,"jetpack_shortlink":"https:\/\/wp.me\/P7S6sp-1dI","jetpack-related-posts":[{"id":4374,"url":"https:\/\/www.macco.nl\/en\/home\/macco-lingui-app\/","url_meta":{"origin":4694,"position":0},"title":"The Macco Lingui app","author":"Macco VOF","date":"January 3, 2022","format":false,"excerpt":"Enkele highlights Voor beginners tot gevorderden: niveau van brugklas t\/m hogeschool en universiteit Leer door te luisteren: Meer dan 100.000 geluidsfragmenten (uitsluitend native speakers!) Oefenen in zinsverband: De stof wordt \u00f3\u00f3k in zinsverband geoefend, dikwijls in dictee-vorm. Slim gebruik van kleur: herken onregelmatige vervoegingen, geslacht en naamvallen in een oogopslag.\u2026","rel":"","context":"Similar post","block_context":{"text":"Similar post","link":""},"img":{"alt_text":"","src":"https:\/\/i0.wp.com\/www.macco.nl\/wp-content\/uploads\/2024\/02\/Grammaticalessen.png?resize=350%2C200&ssl=1","width":350,"height":200,"srcset":"https:\/\/i0.wp.com\/www.macco.nl\/wp-content\/uploads\/2024\/02\/Grammaticalessen.png?resize=350%2C200&ssl=1 1x, https:\/\/i0.wp.com\/www.macco.nl\/wp-content\/uploads\/2024\/02\/Grammaticalessen.png?resize=525%2C300&ssl=1 1.5x, https:\/\/i0.wp.com\/www.macco.nl\/wp-content\/uploads\/2024\/02\/Grammaticalessen.png?resize=700%2C400&ssl=1 2x"},"classes":[]},{"id":5267,"url":"https:\/\/www.macco.nl\/en\/puzzels-en-werkbladen\/","url_meta":{"origin":4694,"position":1},"title":"Puzzles and worksheets","author":"Macco VOF","date":"January 29, 2024","format":false,"excerpt":"De nieuwste puzzels en werkbladen vind je nu rechtstreeks in de Macco Lingui app Download en print de PDF voor jezelf of je leerlingen Puzzels zijn ook digitaal in de app te maken We hebben ook regelmatig winacties! Volg ons op social media om niks te missen. Verken de gratis\u2026","rel":"","context":"Similar post","block_context":{"text":"Similar post","link":""},"img":{"alt_text":"Puzzels en werkbladen in de Macco Lingui app","src":"https:\/\/i0.wp.com\/www.macco.nl\/wp-content\/uploads\/2024\/01\/PuzzelsEnWerkbladen.png?resize=350%2C200&ssl=1","width":350,"height":200,"srcset":"https:\/\/i0.wp.com\/www.macco.nl\/wp-content\/uploads\/2024\/01\/PuzzelsEnWerkbladen.png?resize=350%2C200&ssl=1 1x, https:\/\/i0.wp.com\/www.macco.nl\/wp-content\/uploads\/2024\/01\/PuzzelsEnWerkbladen.png?resize=525%2C300&ssl=1 1.5x, https:\/\/i0.wp.com\/www.macco.nl\/wp-content\/uploads\/2024\/01\/PuzzelsEnWerkbladen.png?resize=700%2C400&ssl=1 2x, https:\/\/i0.wp.com\/www.macco.nl\/wp-content\/uploads\/2024\/01\/PuzzelsEnWerkbladen.png?resize=1050%2C600&ssl=1 3x"},"classes":[]},{"id":24,"url":"https:\/\/www.macco.nl\/en\/order\/","url_meta":{"origin":4694,"position":2},"title":"Order","author":"Macco VOF","date":"September 6, 2016","format":false,"excerpt":"Boeken en taalkaarten Particulieren Bestel gemakkelijk via onze webshop. Betaal met iDeal, Bancontact of creditcard. Verzending typisch binnen een werkdag. Digitale versies van de taalkaarten zijn beschikbaar op Amazon. Scholen en bedrijven Vraag een offerte of bestel op factuur via dit bestelformulier. Verzendkosten incl. BTW: \u20ac 6,- (Nederland) of \u20ac\u2026","rel":"","context":"Similar post","block_context":{"text":"Similar post","link":""},"img":{"alt_text":"","src":"https:\/\/i0.wp.com\/www.macco.nl\/wp-content\/uploads\/2020\/08\/Taalkaarten-Engels-e1675109016505.jpg?resize=350%2C200&ssl=1","width":350,"height":200,"srcset":"https:\/\/i0.wp.com\/www.macco.nl\/wp-content\/uploads\/2020\/08\/Taalkaarten-Engels-e1675109016505.jpg?resize=350%2C200&ssl=1 1x, https:\/\/i0.wp.com\/www.macco.nl\/wp-content\/uploads\/2020\/08\/Taalkaarten-Engels-e1675109016505.jpg?resize=525%2C300&ssl=1 1.5x"},"classes":[]},{"id":4252,"url":"https:\/\/www.macco.nl\/en\/","url_meta":{"origin":4694,"position":3},"title":"Home","author":"Macco VOF","date":"August 14, 2025","format":false,"excerpt":"Macco VOF Educatieve leermiddelen uit de praktijk De Macco Lingui app Talen leer je met de Macco Lingui app! Leer Frans, Spaans, Duits, Engels en Latijn op je computer, telefoon, tablet of Chromebook! Uitermate geschikt voor het onderwijs, zelfstudie en bedrijfsleven. Meer dan 100.000 geluidsopnames door native speakers helpen je\u2026","rel":"","context":"Similar post","block_context":{"text":"Similar post","link":""},"img":{"alt_text":"Taalkaarten - Macco Lingui","src":"https:\/\/i0.wp.com\/www.macco.nl\/wp-content\/uploads\/2024\/02\/waaier-taalkaarten-small.png?resize=350%2C200&ssl=1","width":350,"height":200},"classes":[]},{"id":4651,"url":"https:\/\/www.macco.nl\/en\/home\/leergang-frans\/","url_meta":{"origin":4694,"position":4},"title":"French course","author":"Macco VOF","date":"November 9, 2022","format":false,"excerpt":"Opbouw van de leergang Deze leergang voor de onderbouw bestaat uit de delen Pr\u00eat au d\u00e9part ! (PAD) en Nous voil\u00e0 partis ! (NVP). Door de leergang in twee boeken te gieten, is deze ook te gebruiken op scholen waar slechts twee jaar Frans in de onderbouw wordt gegeven. Scholen\u2026","rel":"","context":"Similar post","block_context":{"text":"Similar post","link":""},"img":{"alt_text":"","src":"https:\/\/i0.wp.com\/www.macco.nl\/wp-content\/uploads\/2024\/02\/Leergang-Frans-small2.png?resize=350%2C200&ssl=1","width":350,"height":200,"srcset":"https:\/\/i0.wp.com\/www.macco.nl\/wp-content\/uploads\/2024\/02\/Leergang-Frans-small2.png?resize=350%2C200&ssl=1 1x, https:\/\/i0.wp.com\/www.macco.nl\/wp-content\/uploads\/2024\/02\/Leergang-Frans-small2.png?resize=525%2C300&ssl=1 1.5x"},"classes":[]},{"id":39,"url":"https:\/\/www.macco.nl\/en\/downloaden\/","url_meta":{"origin":4694,"position":5},"title":"Downloaden","author":"Macco VOF","date":"September 6, 2016","format":false,"excerpt":"\u00a0","rel":"","context":"Similar post","block_context":{"text":"Similar post","link":""},"img":{"alt_text":"","src":"","width":0,"height":0},"classes":[]}],"jetpack_likes_enabled":true,"_links":{"self":[{"href":"https:\/\/www.macco.nl\/en\/wp-json\/wp\/v2\/pages\/4694","targetHints":{"allow":["GET"]}}],"collection":[{"href":"https:\/\/www.macco.nl\/en\/wp-json\/wp\/v2\/pages"}],"about":[{"href":"https:\/\/www.macco.nl\/en\/wp-json\/wp\/v2\/types\/page"}],"author":[{"embeddable":true,"href":"https:\/\/www.macco.nl\/en\/wp-json\/wp\/v2\/users\/1"}],"replies":[{"embeddable":true,"href":"https:\/\/www.macco.nl\/en\/wp-json\/wp\/v2\/comments?post=4694"}],"version-history":[{"count":1,"href":"https:\/\/www.macco.nl\/en\/wp-json\/wp\/v2\/pages\/4694\/revisions"}],"predecessor-version":[{"id":4695,"href":"https:\/\/www.macco.nl\/en\/wp-json\/wp\/v2\/pages\/4694\/revisions\/4695"}],"wp:attachment":[{"href":"https:\/\/www.macco.nl\/en\/wp-json\/wp\/v2\/media?parent=4694"}],"curies":[{"name":"wp","href":"https:\/\/api.w.org\/{rel}","templated":true}]}}