{"id":5267,"date":"2024-01-29T21:23:44","date_gmt":"2024-01-29T20:23:44","guid":{"rendered":"https:\/\/www.macco.nl\/?page_id=5267"},"modified":"2025-08-14T19:01:44","modified_gmt":"2025-08-14T17:01:44","slug":"puzzels-en-werkbladen","status":"publish","type":"page","link":"https:\/\/www.macco.nl\/en\/puzzels-en-werkbladen\/","title":{"rendered":"Puzzles and worksheets"},"content":{"rendered":"<div class=\"wp-block-cover alignfull\" style=\"min-height:400px;aspect-ratio:unset;\"><span aria-hidden=\"true\" class=\"wp-block-cover__background has-nv-light-bg-background-color has-background-dim-100 has-background-dim\"><\/span><div class=\"wp-block-cover__inner-container is-layout-flow wp-block-cover-is-layout-flow\">\n<div style=\"height:30px\" aria-hidden=\"true\" class=\"wp-block-spacer\"><\/div>\n\n\n\n<div class=\"wp-block-group\"><div class=\"wp-block-group__inner-container is-layout-flow wp-block-group-is-layout-flow\">\n<div class=\"wp-block-columns are-vertically-aligned-center has-neve-text-color-color has-text-color has-link-color wp-elements-f8ffd75210edb2dd1e978e03b32887c1 is-layout-flex wp-container-core-columns-is-layout-9d6595d7 wp-block-columns-is-layout-flex\">\n<div class=\"wp-block-column is-vertically-aligned-center is-layout-flow wp-block-column-is-layout-flow\" style=\"flex-basis:50%\">\n<figure class=\"wp-block-image size-full animated fadeIn\"><img loading=\"lazy\" decoding=\"async\" width=\"1200\" height=\"845\" data-attachment-id=\"5168\" data-permalink=\"https:\/\/www.macco.nl\/en\/leeromgeving\/puzzelsenwerkbladen\/\" data-orig-file=\"https:\/\/www.macco.nl\/wp-content\/uploads\/2024\/01\/PuzzelsEnWerkbladen.png\" data-orig-size=\"1200,845\" data-comments-opened=\"1\" data-image-meta=\"{&quot;aperture&quot;:&quot;0&quot;,&quot;credit&quot;:&quot;&quot;,&quot;camera&quot;:&quot;&quot;,&quot;caption&quot;:&quot;&quot;,&quot;created_timestamp&quot;:&quot;0&quot;,&quot;copyright&quot;:&quot;&quot;,&quot;focal_length&quot;:&quot;0&quot;,&quot;iso&quot;:&quot;0&quot;,&quot;shutter_speed&quot;:&quot;0&quot;,&quot;title&quot;:&quot;&quot;,&quot;orientation&quot;:&quot;0&quot;}\" data-image-title=\"PuzzelsEnWerkbladen\" data-image-description=\"\" data-image-caption=\"\" data-large-file=\"https:\/\/www.macco.nl\/wp-content\/uploads\/2024\/01\/PuzzelsEnWerkbladen-1024x721.png\" src=\"https:\/\/www.macco.nl\/wp-content\/uploads\/2024\/01\/PuzzelsEnWerkbladen.png\" alt=\"\" class=\"wp-image-5168\" style=\"object-fit:cover\" srcset=\"https:\/\/www.macco.nl\/wp-content\/uploads\/2024\/01\/PuzzelsEnWerkbladen.png 1200w, https:\/\/www.macco.nl\/wp-content\/uploads\/2024\/01\/PuzzelsEnWerkbladen-600x423.png 600w, https:\/\/www.macco.nl\/wp-content\/uploads\/2024\/01\/PuzzelsEnWerkbladen-300x211.png 300w, https:\/\/www.macco.nl\/wp-content\/uploads\/2024\/01\/PuzzelsEnWerkbladen-1024x721.png 1024w, https:\/\/www.macco.nl\/wp-content\/uploads\/2024\/01\/PuzzelsEnWerkbladen-768x541.png 768w, https:\/\/www.macco.nl\/wp-content\/uploads\/2024\/01\/PuzzelsEnWerkbladen-18x12.png 18w\" sizes=\"auto, (max-width: 1200px) 100vw, 1200px\" \/><\/figure>\n<\/div>\n\n\n\n<div class=\"wp-block-column is-vertically-aligned-center is-layout-flow wp-block-column-is-layout-flow\" style=\"padding-right:var(--wp--preset--spacing--30);padding-left:var(--wp--preset--spacing--30);flex-basis:50%\">\n<h2 class=\"wp-block-heading has-text-align-left has-neve-text-color-color has-text-color\">You can now find all our puzzles and worksheets in the Macco Lingui app<\/h2>\n\n\n\n<ul class=\"wp-block-list\">\n<li>Download and print the PDF for yourself or your students<\/li>\n\n\n\n<li>Puzzles can also be made digitally within the app<\/li>\n\n\n\n<li>We often host contests where you can win prizes! Follow us on social media to stay updated and never miss out!<\/li>\n<\/ul>\n\n\n\n<ul class=\"wp-block-social-links is-style-logos-only is-layout-flex wp-block-social-links-is-layout-flex\"><li class=\"wp-social-link wp-social-link-facebook  wp-block-social-link\"><a href=\"https:\/\/www.facebook.com\/maccolingui\/\" class=\"wp-block-social-link-anchor\"><svg width=\"24\" height=\"24\" viewbox=\"0 0 24 24\" version=\"1.1\" xmlns=\"http:\/\/www.w3.org\/2000\/svg\" aria-hidden=\"true\" focusable=\"false\"><path d=\"M12 2C6.5 2 2 6.5 2 12c0 5 3.7 9.1 8.4 9.9v-7H7.9V12h2.5V9.8c0-2.5 1.5-3.9 3.8-3.9 1.1 0 2.2.2 2.2.2v2.5h-1.3c-1.2 0-1.6.8-1.6 1.6V12h2.8l-.4 2.9h-2.3v7C18.3 21.1 22 17 22 12c0-5.5-4.5-10-10-10z\"><\/path><\/svg><span class=\"wp-block-social-link-label screen-reader-text\">Facebook<\/span><\/a><\/li>\n\n<li class=\"wp-social-link wp-social-link-instagram  wp-block-social-link\"><a href=\"https:\/\/www.instagram.com\/macco_lingui\" class=\"wp-block-social-link-anchor\"><svg width=\"24\" height=\"24\" viewbox=\"0 0 24 24\" version=\"1.1\" xmlns=\"http:\/\/www.w3.org\/2000\/svg\" aria-hidden=\"true\" focusable=\"false\"><path d=\"M12,4.622c2.403,0,2.688,0.009,3.637,0.052c0.877,0.04,1.354,0.187,1.671,0.31c0.42,0.163,0.72,0.358,1.035,0.673 c0.315,0.315,0.51,0.615,0.673,1.035c0.123,0.317,0.27,0.794,0.31,1.671c0.043,0.949,0.052,1.234,0.052,3.637 s-0.009,2.688-0.052,3.637c-0.04,0.877-0.187,1.354-0.31,1.671c-0.163,0.42-0.358,0.72-0.673,1.035 c-0.315,0.315-0.615,0.51-1.035,0.673c-0.317,0.123-0.794,0.27-1.671,0.31c-0.949,0.043-1.233,0.052-3.637,0.052 s-2.688-0.009-3.637-0.052c-0.877-0.04-1.354-0.187-1.671-0.31c-0.42-0.163-0.72-0.358-1.035-0.673 c-0.315-0.315-0.51-0.615-0.673-1.035c-0.123-0.317-0.27-0.794-0.31-1.671C4.631,14.688,4.622,14.403,4.622,12 s0.009-2.688,0.052-3.637c0.04-0.877,0.187-1.354,0.31-1.671c0.163-0.42,0.358-0.72,0.673-1.035 c0.315-0.315,0.615-0.51,1.035-0.673c0.317-0.123,0.794-0.27,1.671-0.31C9.312,4.631,9.597,4.622,12,4.622 M12,3 C9.556,3,9.249,3.01,8.289,3.054C7.331,3.098,6.677,3.25,6.105,3.472C5.513,3.702,5.011,4.01,4.511,4.511 c-0.5,0.5-0.808,1.002-1.038,1.594C3.25,6.677,3.098,7.331,3.054,8.289C3.01,9.249,3,9.556,3,12c0,2.444,0.01,2.751,0.054,3.711 c0.044,0.958,0.196,1.612,0.418,2.185c0.23,0.592,0.538,1.094,1.038,1.594c0.5,0.5,1.002,0.808,1.594,1.038 c0.572,0.222,1.227,0.375,2.185,0.418C9.249,20.99,9.556,21,12,21s2.751-0.01,3.711-0.054c0.958-0.044,1.612-0.196,2.185-0.418 c0.592-0.23,1.094-0.538,1.594-1.038c0.5-0.5,0.808-1.002,1.038-1.594c0.222-0.572,0.375-1.227,0.418-2.185 C20.99,14.751,21,14.444,21,12s-0.01-2.751-0.054-3.711c-0.044-0.958-0.196-1.612-0.418-2.185c-0.23-0.592-0.538-1.094-1.038-1.594 c-0.5-0.5-1.002-0.808-1.594-1.038c-0.572-0.222-1.227-0.375-2.185-0.418C14.751,3.01,14.444,3,12,3L12,3z M12,7.378 c-2.552,0-4.622,2.069-4.622,4.622S9.448,16.622,12,16.622s4.622-2.069,4.622-4.622S14.552,7.378,12,7.378z M12,15 c-1.657,0-3-1.343-3-3s1.343-3,3-3s3,1.343,3,3S13.657,15,12,15z M16.804,6.116c-0.596,0-1.08,0.484-1.08,1.08 s0.484,1.08,1.08,1.08c0.596,0,1.08-0.484,1.08-1.08S17.401,6.116,16.804,6.116z\"><\/path><\/svg><span class=\"wp-block-social-link-label screen-reader-text\">Instagram<\/span><\/a><\/li>\n\n<li class=\"wp-social-link wp-social-link-linkedin  wp-block-social-link\"><a href=\"https:\/\/www.linkedin.com\/company\/macco\" class=\"wp-block-social-link-anchor\"><svg width=\"24\" height=\"24\" viewbox=\"0 0 24 24\" version=\"1.1\" xmlns=\"http:\/\/www.w3.org\/2000\/svg\" aria-hidden=\"true\" focusable=\"false\"><path d=\"M19.7,3H4.3C3.582,3,3,3.582,3,4.3v15.4C3,20.418,3.582,21,4.3,21h15.4c0.718,0,1.3-0.582,1.3-1.3V4.3 C21,3.582,20.418,3,19.7,3z M8.339,18.338H5.667v-8.59h2.672V18.338z M7.004,8.574c-0.857,0-1.549-0.694-1.549-1.548 c0-0.855,0.691-1.548,1.549-1.548c0.854,0,1.547,0.694,1.547,1.548C8.551,7.881,7.858,8.574,7.004,8.574z M18.339,18.338h-2.669 v-4.177c0-0.996-0.017-2.278-1.387-2.278c-1.389,0-1.601,1.086-1.601,2.206v4.249h-2.667v-8.59h2.559v1.174h0.037 c0.356-0.675,1.227-1.387,2.526-1.387c2.703,0,3.203,1.779,3.203,4.092V18.338z\"><\/path><\/svg><span class=\"wp-block-social-link-label screen-reader-text\">LinkedIn<\/span><\/a><\/li><\/ul>\n<\/div>\n<\/div>\n<\/div><\/div>\n\n\n\n<div style=\"height:30px\" aria-hidden=\"true\" class=\"wp-block-spacer\"><\/div>\n<\/div><\/div>\n\n\n\n<div class=\"wp-block-cover alignfull has-neve-text-color-color has-text-color has-link-color wp-elements-74acfde8bf6acf98d6ab57874495c9a5\" style=\"min-height:200px;aspect-ratio:unset;\"><span aria-hidden=\"true\" class=\"wp-block-cover__background has-nv-site-bg-background-color has-background-dim-100 has-background-dim\"><\/span><div class=\"wp-block-cover__inner-container is-layout-flow wp-block-cover-is-layout-flow\">\n<div style=\"height:30px\" aria-hidden=\"true\" class=\"wp-block-spacer\"><\/div>\n\n\n\n<div class=\"wp-block-group\"><div class=\"wp-block-group__inner-container is-layout-flow wp-block-group-is-layout-flow\">\n<div class=\"wp-block-columns are-vertically-aligned-center is-layout-flex wp-container-core-columns-is-layout-9d6595d7 wp-block-columns-is-layout-flex\">\n<div class=\"wp-block-column is-vertically-aligned-center is-layout-flow wp-block-column-is-layout-flow\" style=\"padding-right:var(--wp--preset--spacing--30);padding-left:var(--wp--preset--spacing--30);flex-basis:50%\">\n<h2 class=\"wp-block-heading has-text-align-left has-neve-text-color-color has-text-color\">Explore free puzzles and worksheets<\/h2>\n\n\n\n<ul class=\"wp-block-list\">\n<li>Create a free account at <strong><a href=\"https:\/\/app.macco.nl\" target=\"_blank\" rel=\"noreferrer noopener\">app.macco.nl<\/a><\/strong> and explore a collection of free puzzles and worksheets.<\/li>\n\n\n\n<li>With Macco Lingui Basic you get access to more puzzles and worksheets<\/li>\n\n\n\n<li>Macco Lingui Plus always gives you access to all puzzles and worksheets<\/li>\n\n\n\n<li>See the app for an overview of available puzzles and worksheets<\/li>\n<\/ul>\n\n\n\n<div style=\"height:40px\" aria-hidden=\"true\" class=\"wp-block-spacer\"><\/div>\n<\/div>\n\n\n\n<div class=\"wp-block-column is-vertically-aligned-center is-layout-flow wp-block-column-is-layout-flow\" style=\"flex-basis:50%\">\n<figure class=\"wp-block-image size-large animated fadeIn\"><img loading=\"lazy\" decoding=\"async\" width=\"1024\" height=\"771\" data-attachment-id=\"5269\" data-permalink=\"https:\/\/www.macco.nl\/en\/puzzels-en-werkbladen\/puzzels\/\" data-orig-file=\"https:\/\/www.macco.nl\/wp-content\/uploads\/2024\/01\/Puzzels.png\" data-orig-size=\"1105,832\" data-comments-opened=\"1\" data-image-meta=\"{&quot;aperture&quot;:&quot;0&quot;,&quot;credit&quot;:&quot;&quot;,&quot;camera&quot;:&quot;&quot;,&quot;caption&quot;:&quot;&quot;,&quot;created_timestamp&quot;:&quot;0&quot;,&quot;copyright&quot;:&quot;&quot;,&quot;focal_length&quot;:&quot;0&quot;,&quot;iso&quot;:&quot;0&quot;,&quot;shutter_speed&quot;:&quot;0&quot;,&quot;title&quot;:&quot;&quot;,&quot;orientation&quot;:&quot;0&quot;}\" data-image-title=\"Puzzels\" data-image-description=\"\" data-image-caption=\"\" data-large-file=\"https:\/\/www.macco.nl\/wp-content\/uploads\/2024\/01\/Puzzels-1024x771.png\" src=\"https:\/\/www.macco.nl\/wp-content\/uploads\/2024\/01\/Puzzels-1024x771.png\" alt=\"\" class=\"wp-image-5269\" srcset=\"https:\/\/www.macco.nl\/wp-content\/uploads\/2024\/01\/Puzzels-1024x771.png 1024w, https:\/\/www.macco.nl\/wp-content\/uploads\/2024\/01\/Puzzels-600x452.png 600w, https:\/\/www.macco.nl\/wp-content\/uploads\/2024\/01\/Puzzels-300x226.png 300w, https:\/\/www.macco.nl\/wp-content\/uploads\/2024\/01\/Puzzels-768x578.png 768w, https:\/\/www.macco.nl\/wp-content\/uploads\/2024\/01\/Puzzels-16x12.png 16w, https:\/\/www.macco.nl\/wp-content\/uploads\/2024\/01\/Puzzels.png 1105w\" sizes=\"auto, (max-width: 1024px) 100vw, 1024px\" \/><\/figure>\n<\/div>\n<\/div>\n<\/div><\/div>\n\n\n\n<div style=\"height:30px\" aria-hidden=\"true\" class=\"wp-block-spacer\"><\/div>\n<\/div><\/div>","protected":false},"excerpt":{"rendered":"","protected":false},"author":1,"featured_media":0,"parent":0,"menu_order":0,"comment_status":"closed","ping_status":"closed","template":"","meta":{"_exactmetrics_skip_tracking":false,"_exactmetrics_sitenote_active":false,"_exactmetrics_sitenote_note":"","_exactmetrics_sitenote_category":0,"neve_meta_sidebar":"","neve_meta_container":"","neve_meta_enable_content_width":"on","neve_meta_content_width":100,"neve_meta_title_alignment":"","neve_meta_author_avatar":"","neve_post_elements_order":"","neve_meta_disable_header":"","neve_meta_disable_footer":"","neve_meta_disable_title":"on","_themeisle_gutenberg_block_has_review":false,"jetpack_post_was_ever_published":false,"footnotes":""},"class_list":["post-5267","page","type-page","status-publish","hentry"],"yoast_head":"<!-- This site is optimized with the Yoast SEO plugin v27.5 - https:\/\/yoast.com\/product\/yoast-seo-wordpress\/ -->\n<title>Puzzels en werkbladen - Macco VOF<\/title>\n<meta name=\"robots\" content=\"index, follow, max-snippet:-1, max-image-preview:large, max-video-preview:-1\" \/>\n<link rel=\"canonical\" href=\"https:\/\/www.macco.nl\/en\/puzzels-en-werkbladen\/\" \/>\n<meta property=\"og:locale\" content=\"en_US\" \/>\n<meta property=\"og:type\" content=\"article\" \/>\n<meta property=\"og:title\" content=\"Puzzels en werkbladen - Macco VOF\" \/>\n<meta property=\"og:url\" content=\"https:\/\/www.macco.nl\/en\/puzzels-en-werkbladen\/\" \/>\n<meta property=\"og:site_name\" content=\"Macco VOF\" \/>\n<meta property=\"article:publisher\" content=\"https:\/\/www.facebook.com\/maccolingui\" \/>\n<meta property=\"article:modified_time\" content=\"2025-08-14T17:01:44+00:00\" \/>\n<meta property=\"og:image\" content=\"https:\/\/www.macco.nl\/wp-content\/uploads\/2024\/01\/PuzzelsEnWerkbladen.png\" \/>\n\t<meta property=\"og:image:width\" content=\"1200\" \/>\n\t<meta property=\"og:image:height\" content=\"845\" \/>\n\t<meta property=\"og:image:type\" content=\"image\/png\" \/>\n<meta name=\"twitter:card\" content=\"summary_large_image\" \/>\n<meta name=\"twitter:label1\" content=\"Est. reading time\" \/>\n\t<meta name=\"twitter:data1\" content=\"1 minute\" \/>\n<script type=\"application\/ld+json\" class=\"yoast-schema-graph\">{\"@context\":\"https:\\\/\\\/schema.org\",\"@graph\":[{\"@type\":\"WebPage\",\"@id\":\"https:\\\/\\\/www.macco.nl\\\/puzzels-en-werkbladen\\\/\",\"url\":\"https:\\\/\\\/www.macco.nl\\\/puzzels-en-werkbladen\\\/\",\"name\":\"Puzzels en werkbladen - Macco VOF\",\"isPartOf\":{\"@id\":\"https:\\\/\\\/www.macco.nl\\\/#website\"},\"primaryImageOfPage\":{\"@id\":\"https:\\\/\\\/www.macco.nl\\\/puzzels-en-werkbladen\\\/#primaryimage\"},\"image\":{\"@id\":\"https:\\\/\\\/www.macco.nl\\\/puzzels-en-werkbladen\\\/#primaryimage\"},\"thumbnailUrl\":\"https:\\\/\\\/www.macco.nl\\\/wp-content\\\/uploads\\\/2024\\\/01\\\/PuzzelsEnWerkbladen.png\",\"datePublished\":\"2024-01-29T20:23:44+00:00\",\"dateModified\":\"2025-08-14T17:01:44+00:00\",\"breadcrumb\":{\"@id\":\"https:\\\/\\\/www.macco.nl\\\/puzzels-en-werkbladen\\\/#breadcrumb\"},\"inLanguage\":\"en-US\",\"potentialAction\":[{\"@type\":\"ReadAction\",\"target\":[\"https:\\\/\\\/www.macco.nl\\\/puzzels-en-werkbladen\\\/\"]}]},{\"@type\":\"ImageObject\",\"inLanguage\":\"en-US\",\"@id\":\"https:\\\/\\\/www.macco.nl\\\/puzzels-en-werkbladen\\\/#primaryimage\",\"url\":\"https:\\\/\\\/www.macco.nl\\\/wp-content\\\/uploads\\\/2024\\\/01\\\/PuzzelsEnWerkbladen.png\",\"contentUrl\":\"https:\\\/\\\/www.macco.nl\\\/wp-content\\\/uploads\\\/2024\\\/01\\\/PuzzelsEnWerkbladen.png\"},{\"@type\":\"BreadcrumbList\",\"@id\":\"https:\\\/\\\/www.macco.nl\\\/puzzels-en-werkbladen\\\/#breadcrumb\",\"itemListElement\":[{\"@type\":\"ListItem\",\"position\":1,\"name\":\"Home\",\"item\":\"https:\\\/\\\/www.macco.nl\\\/\"},{\"@type\":\"ListItem\",\"position\":2,\"name\":\"Puzzels en werkbladen\"}]},{\"@type\":\"WebSite\",\"@id\":\"https:\\\/\\\/www.macco.nl\\\/#website\",\"url\":\"https:\\\/\\\/www.macco.nl\\\/\",\"name\":\"Macco VOF\",\"description\":\"Leer talen met Macco Lingui!\",\"publisher\":{\"@id\":\"https:\\\/\\\/www.macco.nl\\\/#organization\"},\"potentialAction\":[{\"@type\":\"SearchAction\",\"target\":{\"@type\":\"EntryPoint\",\"urlTemplate\":\"https:\\\/\\\/www.macco.nl\\\/?s={search_term_string}\"},\"query-input\":{\"@type\":\"PropertyValueSpecification\",\"valueRequired\":true,\"valueName\":\"search_term_string\"}}],\"inLanguage\":\"en-US\"},{\"@type\":\"Organization\",\"@id\":\"https:\\\/\\\/www.macco.nl\\\/#organization\",\"name\":\"Macco VOF\",\"url\":\"https:\\\/\\\/www.macco.nl\\\/\",\"logo\":{\"@type\":\"ImageObject\",\"inLanguage\":\"en-US\",\"@id\":\"https:\\\/\\\/www.macco.nl\\\/#\\\/schema\\\/logo\\\/image\\\/\",\"url\":\"https:\\\/\\\/www.macco.nl\\\/wp-content\\\/uploads\\\/2016\\\/09\\\/Logo-VOF-klein.png\",\"contentUrl\":\"https:\\\/\\\/www.macco.nl\\\/wp-content\\\/uploads\\\/2016\\\/09\\\/Logo-VOF-klein.png\",\"width\":252,\"height\":252,\"caption\":\"Macco VOF\"},\"image\":{\"@id\":\"https:\\\/\\\/www.macco.nl\\\/#\\\/schema\\\/logo\\\/image\\\/\"},\"sameAs\":[\"https:\\\/\\\/www.facebook.com\\\/maccolingui\",\"https:\\\/\\\/nl.linkedin.com\\\/company\\\/macco\",\"https:\\\/\\\/www.instagram.com\\\/macco_lingui\"]}]}<\/script>\n<!-- \/ Yoast SEO plugin. -->","yoast_head_json":{"title":"Puzzels en werkbladen - Macco VOF","robots":{"index":"index","follow":"follow","max-snippet":"max-snippet:-1","max-image-preview":"max-image-preview:large","max-video-preview":"max-video-preview:-1"},"canonical":"https:\/\/www.macco.nl\/en\/puzzels-en-werkbladen\/","og_locale":"en_US","og_type":"article","og_title":"Puzzels en werkbladen - Macco VOF","og_url":"https:\/\/www.macco.nl\/en\/puzzels-en-werkbladen\/","og_site_name":"Macco VOF","article_publisher":"https:\/\/www.facebook.com\/maccolingui","article_modified_time":"2025-08-14T17:01:44+00:00","og_image":[{"width":1200,"height":845,"url":"https:\/\/www.macco.nl\/wp-content\/uploads\/2024\/01\/PuzzelsEnWerkbladen.png","type":"image\/png"}],"twitter_card":"summary_large_image","twitter_misc":{"Est. reading time":"1 minute"},"schema":{"@context":"https:\/\/schema.org","@graph":[{"@type":"WebPage","@id":"https:\/\/www.macco.nl\/puzzels-en-werkbladen\/","url":"https:\/\/www.macco.nl\/puzzels-en-werkbladen\/","name":"Puzzels en werkbladen - Macco VOF","isPartOf":{"@id":"https:\/\/www.macco.nl\/#website"},"primaryImageOfPage":{"@id":"https:\/\/www.macco.nl\/puzzels-en-werkbladen\/#primaryimage"},"image":{"@id":"https:\/\/www.macco.nl\/puzzels-en-werkbladen\/#primaryimage"},"thumbnailUrl":"https:\/\/www.macco.nl\/wp-content\/uploads\/2024\/01\/PuzzelsEnWerkbladen.png","datePublished":"2024-01-29T20:23:44+00:00","dateModified":"2025-08-14T17:01:44+00:00","breadcrumb":{"@id":"https:\/\/www.macco.nl\/puzzels-en-werkbladen\/#breadcrumb"},"inLanguage":"en-US","potentialAction":[{"@type":"ReadAction","target":["https:\/\/www.macco.nl\/puzzels-en-werkbladen\/"]}]},{"@type":"ImageObject","inLanguage":"en-US","@id":"https:\/\/www.macco.nl\/puzzels-en-werkbladen\/#primaryimage","url":"https:\/\/www.macco.nl\/wp-content\/uploads\/2024\/01\/PuzzelsEnWerkbladen.png","contentUrl":"https:\/\/www.macco.nl\/wp-content\/uploads\/2024\/01\/PuzzelsEnWerkbladen.png"},{"@type":"BreadcrumbList","@id":"https:\/\/www.macco.nl\/puzzels-en-werkbladen\/#breadcrumb","itemListElement":[{"@type":"ListItem","position":1,"name":"Home","item":"https:\/\/www.macco.nl\/"},{"@type":"ListItem","position":2,"name":"Puzzels en werkbladen"}]},{"@type":"WebSite","@id":"https:\/\/www.macco.nl\/#website","url":"https:\/\/www.macco.nl\/","name":"Macco VOF","description":"Learn languages with Macco Lingui!","publisher":{"@id":"https:\/\/www.macco.nl\/#organization"},"potentialAction":[{"@type":"SearchAction","target":{"@type":"EntryPoint","urlTemplate":"https:\/\/www.macco.nl\/?s={search_term_string}"},"query-input":{"@type":"PropertyValueSpecification","valueRequired":true,"valueName":"search_term_string"}}],"inLanguage":"en-US"},{"@type":"Organization","@id":"https:\/\/www.macco.nl\/#organization","name":"Macco VOF","url":"https:\/\/www.macco.nl\/","logo":{"@type":"ImageObject","inLanguage":"en-US","@id":"https:\/\/www.macco.nl\/#\/schema\/logo\/image\/","url":"https:\/\/www.macco.nl\/wp-content\/uploads\/2016\/09\/Logo-VOF-klein.png","contentUrl":"https:\/\/www.macco.nl\/wp-content\/uploads\/2016\/09\/Logo-VOF-klein.png","width":252,"height":252,"caption":"Macco VOF"},"image":{"@id":"https:\/\/www.macco.nl\/#\/schema\/logo\/image\/"},"sameAs":["https:\/\/www.facebook.com\/maccolingui","https:\/\/nl.linkedin.com\/company\/macco","https:\/\/www.instagram.com\/macco_lingui"]}]}},"jetpack_sharing_enabled":true,"jetpack_shortlink":"https:\/\/wp.me\/P7S6sp-1mX","jetpack-related-posts":[{"id":4252,"url":"https:\/\/www.macco.nl\/en\/","url_meta":{"origin":5267,"position":0},"title":"Home","author":"Macco VOF","date":"August 14, 2025","format":false,"excerpt":"Macco VOF Educatieve leermiddelen uit de praktijk De Macco Lingui app Talen leer je met de Macco Lingui app! Leer Frans, Spaans, Duits, Engels en Latijn op je computer, telefoon, tablet of Chromebook! Uitermate geschikt voor het onderwijs, zelfstudie en bedrijfsleven. Meer dan 100.000 geluidsopnames door native speakers helpen je\u2026","rel":"","context":"Similar post","block_context":{"text":"Similar post","link":""},"img":{"alt_text":"Taalkaarten - Macco Lingui","src":"https:\/\/i0.wp.com\/www.macco.nl\/wp-content\/uploads\/2024\/02\/waaier-taalkaarten-small.png?resize=350%2C200&ssl=1","width":350,"height":200},"classes":[]},{"id":4651,"url":"https:\/\/www.macco.nl\/en\/home\/leergang-frans\/","url_meta":{"origin":5267,"position":1},"title":"French course","author":"Macco VOF","date":"November 9, 2022","format":false,"excerpt":"Opbouw van de leergang Deze leergang voor de onderbouw bestaat uit de delen Pr\u00eat au d\u00e9part ! (PAD) en Nous voil\u00e0 partis ! (NVP). Door de leergang in twee boeken te gieten, is deze ook te gebruiken op scholen waar slechts twee jaar Frans in de onderbouw wordt gegeven. Scholen\u2026","rel":"","context":"Similar post","block_context":{"text":"Similar post","link":""},"img":{"alt_text":"","src":"https:\/\/i0.wp.com\/www.macco.nl\/wp-content\/uploads\/2024\/02\/Leergang-Frans-small2.png?resize=350%2C200&ssl=1","width":350,"height":200,"srcset":"https:\/\/i0.wp.com\/www.macco.nl\/wp-content\/uploads\/2024\/02\/Leergang-Frans-small2.png?resize=350%2C200&ssl=1 1x, https:\/\/i0.wp.com\/www.macco.nl\/wp-content\/uploads\/2024\/02\/Leergang-Frans-small2.png?resize=525%2C300&ssl=1 1.5x"},"classes":[]},{"id":3232,"url":"https:\/\/www.macco.nl\/en\/algemene-voorwaarden\/","url_meta":{"origin":5267,"position":2},"title":"Terms and conditions","author":"Macco VOF","date":"August 24, 2020","format":false,"excerpt":"English version below Ingangsdatum: 15 augustus 2025 Welkom bij Macco Lingui! Deze Algemene Voorwaarden (\u201cVoorwaarden\u201d) regelen uw gebruik van de Macco Lingui-app, website (www.macco.nl) en gerelateerde diensten geleverd door Macco VOF (\u201cwij,\u201d \u201cons,\u201d of \u201conze\u201d). Door toegang te krijgen tot of gebruik te maken van onze diensten, gaat u akkoord\u2026","rel":"","context":"Similar post","block_context":{"text":"Similar post","link":""},"img":{"alt_text":"","src":"","width":0,"height":0},"classes":[]},{"id":1572,"url":"https:\/\/www.macco.nl\/en\/home\/taalkaarten\/","url_meta":{"origin":5267,"position":3},"title":"Language cards","author":"Macco VOF","date":"June 13, 2019","format":false,"excerpt":"Verken onze taalkaarten! Handzaam A4 formaat, gelamineerd Slechts \u20ac 2,20 (tweezijdige kaarten) of \u20ac 4,40 (vouwkaarten) Scholen kunnen de kaarten rechtstreeks inkopen via het bestelformulier of via de bekende boekenleveranciers (VanDijk, OsingadeJong en\u00a0Iddink). Webshop Bestelformulier Digitale versies (Amazon) Enkele highlights Onze taalpuzzels en werkbladen zijn perfect oefenmateriaal bij de taalkaarten.\u2026","rel":"","context":"Similar post","block_context":{"text":"Similar post","link":""},"img":{"alt_text":"Taalkaarten - Macco Lingui","src":"https:\/\/i0.wp.com\/www.macco.nl\/wp-content\/uploads\/2024\/02\/waaier-taalkaarten-small.png?resize=350%2C200&ssl=1","width":350,"height":200},"classes":[]}],"jetpack_likes_enabled":true,"_links":{"self":[{"href":"https:\/\/www.macco.nl\/en\/wp-json\/wp\/v2\/pages\/5267","targetHints":{"allow":["GET"]}}],"collection":[{"href":"https:\/\/www.macco.nl\/en\/wp-json\/wp\/v2\/pages"}],"about":[{"href":"https:\/\/www.macco.nl\/en\/wp-json\/wp\/v2\/types\/page"}],"author":[{"embeddable":true,"href":"https:\/\/www.macco.nl\/en\/wp-json\/wp\/v2\/users\/1"}],"replies":[{"embeddable":true,"href":"https:\/\/www.macco.nl\/en\/wp-json\/wp\/v2\/comments?post=5267"}],"version-history":[{"count":3,"href":"https:\/\/www.macco.nl\/en\/wp-json\/wp\/v2\/pages\/5267\/revisions"}],"predecessor-version":[{"id":5924,"href":"https:\/\/www.macco.nl\/en\/wp-json\/wp\/v2\/pages\/5267\/revisions\/5924"}],"wp:attachment":[{"href":"https:\/\/www.macco.nl\/en\/wp-json\/wp\/v2\/media?parent=5267"}],"curies":[{"name":"wp","href":"https:\/\/api.w.org\/{rel}","templated":true}]}}